{"id":580,"date":"2026-04-16T11:31:04","date_gmt":"2026-04-16T11:31:04","guid":{"rendered":"https:\/\/tt.abdulazizalsari.net\/product\/bogurtlen-receli-net-360-gr-kavanoz\/"},"modified":"2026-05-05T12:11:58","modified_gmt":"2026-05-05T12:11:58","slug":"bogurtlen-receli-net-360-gr-kavanoz","status":"publish","type":"product","link":"https:\/\/tt.abdulazizalsari.net\/ar\/product\/bogurtlen-receli-net-360-gr-kavanoz\/","title":{"rendered":"B\u00f6\u011f\u00fcrtlen Re\u00e7eli Net 360 gr Kavanoz"},"content":{"rendered":"<p>&#8211; Yerli \u00fcretim: T\u00fcrkiye&#8217;de \u00fcretilen bu b\u00f6\u011f\u00fcrtlen re\u00e7eli, taze ve do\u011fal malzemelerle \u00f6zenle haz\u0131rlanm\u0131\u015ft\u0131r.<br \/> &#8211; 360 graml\u0131k kavanozda sunulan bu lezzet, hem bireysel kullan\u0131m hem de aile sofralar\u0131 i\u00e7in idealdir.<br \/> &#8211; B\u00f6\u011f\u00fcrtlenin do\u011fal tatl\u0131l\u0131\u011f\u0131n\u0131 ve lezzetini koruyan bu re\u00e7el, kahvalt\u0131 sofralar\u0131n\u0131zda veya at\u0131\u015ft\u0131rmal\u0131k olarak keyifle t\u00fcketebilirsiniz.<br \/> &#8211; Her bir ka\u015f\u0131k dolusuyla do\u011fan\u0131n bereketini sofralar\u0131n\u0131za ta\u015f\u0131yan bu \u00fcr\u00fcn, sa\u011fl\u0131kl\u0131 beslenme al\u0131\u015fkanl\u0131klar\u0131 i\u00e7in m\u00fckemmel bir se\u00e7enektir.<\/p>","protected":false},"excerpt":{"rendered":"<p>&#8211; Yerli \u00fcretim: T\u00fcrkiye&#8217;de \u00fcretilen bu b\u00f6\u011f\u00fcrtlen re\u00e7eli, taze ve do\u011fal malzemelerle \u00f6zenle haz\u0131rlanm\u0131\u015ft\u0131r. &#8211; 360 graml\u0131k kavanozda sunulan bu [&hellip;]<\/p>","protected":false},"featured_media":579,"comment_status":"open","ping_status":"closed","template":"","meta":{"_angie_page":false,"site-sidebar-layout":"default","site-content-layout":"","ast-site-content-layout":"default","site-content-style":"default","site-sidebar-style":"default","ast-global-header-display":"","ast-banner-title-visibility":"","ast-main-header-display":"","ast-hfb-above-header-display":"","ast-hfb-below-header-display":"","ast-hfb-mobile-header-display":"","site-post-title":"","ast-breadcrumbs-content":"","ast-featured-img":"","footer-sml-layout":"","ast-disable-related-posts":"","theme-transparent-header-meta":"","adv-header-id-meta":"","stick-header-meta":"","header-above-stick-meta":"","header-main-stick-meta":"","header-below-stick-meta":"","astra-migrate-meta-layouts":"default","ast-page-background-enabled":"default","ast-page-background-meta":{"desktop":{"background-color":"var(--ast-global-color-5)","background-image":"","background-repeat":"repeat","background-position":"center center","background-size":"auto","background-attachment":"scroll","background-type":"","background-media":"","overlay-type":"","overlay-color":"","overlay-opacity":"","overlay-gradient":""},"tablet":{"background-color":"","background-image":"","background-repeat":"repeat","background-position":"center center","background-size":"auto","background-attachment":"scroll","background-type":"","background-media":"","overlay-type":"","overlay-color":"","overlay-opacity":"","overlay-gradient":""},"mobile":{"background-color":"","background-image":"","background-repeat":"repeat","background-position":"center center","background-size":"auto","background-attachment":"scroll","background-type":"","background-media":"","overlay-type":"","overlay-color":"","overlay-opacity":"","overlay-gradient":""}},"ast-content-background-meta":{"desktop":{"background-color":"var(--ast-global-color-4)","background-image":"","background-repeat":"repeat","background-position":"center center","background-size":"auto","background-attachment":"scroll","background-type":"","background-media":"","overlay-type":"","overlay-color":"","overlay-opacity":"","overlay-gradient":""},"tablet":{"background-color":"var(--ast-global-color-4)","background-image":"","background-repeat":"repeat","background-position":"center center","background-size":"auto","background-attachment":"scroll","background-type":"","background-media":"","overlay-type":"","overlay-color":"","overlay-opacity":"","overlay-gradient":""},"mobile":{"background-color":"var(--ast-global-color-4)","background-image":"","background-repeat":"repeat","background-position":"center center","background-size":"auto","background-attachment":"scroll","background-type":"","background-media":"","overlay-type":"","overlay-color":"","overlay-opacity":"","overlay-gradient":""}}},"product_brand":[],"product_cat":[71],"product_tag":[68],"class_list":{"0":"post-580","1":"product","2":"type-product","3":"status-publish","4":"has-post-thumbnail","6":"product_cat-recel","7":"product_tag-sabiroglu","8":"desktop-align-left","9":"tablet-align-left","10":"mobile-align-left","12":"first","13":"instock","14":"shipping-taxable","15":"purchasable","16":"product-type-simple"},"_links":{"self":[{"href":"https:\/\/tt.abdulazizalsari.net\/ar\/wp-json\/wp\/v2\/product\/580","targetHints":{"allow":["GET"]}}],"collection":[{"href":"https:\/\/tt.abdulazizalsari.net\/ar\/wp-json\/wp\/v2\/product"}],"about":[{"href":"https:\/\/tt.abdulazizalsari.net\/ar\/wp-json\/wp\/v2\/types\/product"}],"replies":[{"embeddable":true,"href":"https:\/\/tt.abdulazizalsari.net\/ar\/wp-json\/wp\/v2\/comments?post=580"}],"wp:featuredmedia":[{"embeddable":true,"href":"https:\/\/tt.abdulazizalsari.net\/ar\/wp-json\/wp\/v2\/media\/579"}],"wp:attachment":[{"href":"https:\/\/tt.abdulazizalsari.net\/ar\/wp-json\/wp\/v2\/media?parent=580"}],"wp:term":[{"taxonomy":"product_brand","embeddable":true,"href":"https:\/\/tt.abdulazizalsari.net\/ar\/wp-json\/wp\/v2\/product_brand?post=580"},{"taxonomy":"product_cat","embeddable":true,"href":"https:\/\/tt.abdulazizalsari.net\/ar\/wp-json\/wp\/v2\/product_cat?post=580"},{"taxonomy":"product_tag","embeddable":true,"href":"https:\/\/tt.abdulazizalsari.net\/ar\/wp-json\/wp\/v2\/product_tag?post=580"}],"curies":[{"name":"wp","href":"https:\/\/api.w.org\/{rel}","templated":true}]}}