{"id":592,"date":"2026-04-16T11:31:11","date_gmt":"2026-04-16T11:31:11","guid":{"rendered":"https:\/\/tt.abdulazizalsari.net\/product\/dogal-uzum-pekmezi-net-5000-gr-pet\/"},"modified":"2026-05-05T12:05:24","modified_gmt":"2026-05-05T12:05:24","slug":"dogal-uzum-pekmezi-net-5000-gr-pet","status":"publish","type":"product","link":"https:\/\/tt.abdulazizalsari.net\/ar\/product\/dogal-uzum-pekmezi-net-5000-gr-pet\/","title":{"rendered":"\u062f\u0628\u0633 \u0639\u0646\u0628 \u0637\u0628\u064a\u0639\u064a \u0635\u0627\u0641\u064a 5000 \u063a\u0631\u0627\u0645 \u2013 \u0639\u0628\u0648\u0629 \u0628\u0644\u0627\u0633\u062a\u064a\u0643\u064a\u0629"},"content":{"rendered":"<p>\u00dcr\u00fcn\u00fcm\u00fcz 5000 g a\u011f\u0131rl\u0131\u011f\u0131ndad\u0131r. <br \/> Y\u0131llard\u0131r devam eden %100 do\u011fal ve katk\u0131s\u0131z \u00fcretim \u00e7izgimiz ile sofralar\u0131n\u0131zda yer alman\u0131n gururunu ya\u015famaktay\u0131z. <br \/> \u00d6zenle paketledi\u011fimiz \u00fcr\u00fcnlerimiz herhangi bir zarar g\u00f6rmeden sofralar\u0131n\u0131za kadar ula\u015fmaktad\u0131r.\u00dcz\u00fcm pekmezi, i\u00e7eri\u011findeki bile\u015fenler sayesinde kanserden kemik erimesine kadar pek \u00e7ok sa\u011fl\u0131k sorununa kar\u015f\u0131 katk\u0131da bulunabilir. <br \/> . <br \/> \u00dcz\u00fcm pekmezi t\u00fcketimi ile elde edilen magnezyum kramp, ba\u015f a\u011fr\u0131s\u0131, ruh hali sorunlar\u0131n\u0131n giderilmesinde de etkilidir. <br \/> SABIRO\u011eLU \u00fcr\u00fcnleri ISO-9001 kalite y\u00f6netim sistemi, ISO- 22000 g\u0131da g\u00fcvenli\u011fi y\u00f6netimi sistemi standartlar\u0131nda \u00fcretilmektedir. <br \/> TSE yan\u0131 s\u0131ra HELAL ve HACCP sertifikalar\u0131na da sahiptir saklama ko\u015fullar\u0131 serin ve kuru yerde saklay\u0131n\u0131z. <br \/> \u00dcr\u00fcnlerimiz buzdolab\u0131na konulmamal\u0131d\u0131r.<\/p>","protected":false},"excerpt":{"rendered":"<p>\u00dcr\u00fcn\u00fcm\u00fcz 5000 g a\u011f\u0131rl\u0131\u011f\u0131ndad\u0131r. Y\u0131llard\u0131r devam eden %100 do\u011fal ve katk\u0131s\u0131z \u00fcretim \u00e7izgimiz ile sofralar\u0131n\u0131zda yer alman\u0131n gururunu ya\u015famaktay\u0131z. \u00d6zenle [&hellip;]<\/p>","protected":false},"featured_media":591,"comment_status":"open","ping_status":"closed","template":"","meta":{"_angie_page":false,"site-sidebar-layout":"default","site-content-layout":"","ast-site-content-layout":"default","site-content-style":"default","site-sidebar-style":"default","ast-global-header-display":"","ast-banner-title-visibility":"","ast-main-header-display":"","ast-hfb-above-header-display":"","ast-hfb-below-header-display":"","ast-hfb-mobile-header-display":"","site-post-title":"","ast-breadcrumbs-content":"","ast-featured-img":"","footer-sml-layout":"","ast-disable-related-posts":"","theme-transparent-header-meta":"","adv-header-id-meta":"","stick-header-meta":"","header-above-stick-meta":"","header-main-stick-meta":"","header-below-stick-meta":"","astra-migrate-meta-layouts":"default","ast-page-background-enabled":"default","ast-page-background-meta":{"desktop":{"background-color":"var(--ast-global-color-5)","background-image":"","background-repeat":"repeat","background-position":"center center","background-size":"auto","background-attachment":"scroll","background-type":"","background-media":"","overlay-type":"","overlay-color":"","overlay-opacity":"","overlay-gradient":""},"tablet":{"background-color":"","background-image":"","background-repeat":"repeat","background-position":"center center","background-size":"auto","background-attachment":"scroll","background-type":"","background-media":"","overlay-type":"","overlay-color":"","overlay-opacity":"","overlay-gradient":""},"mobile":{"background-color":"","background-image":"","background-repeat":"repeat","background-position":"center center","background-size":"auto","background-attachment":"scroll","background-type":"","background-media":"","overlay-type":"","overlay-color":"","overlay-opacity":"","overlay-gradient":""}},"ast-content-background-meta":{"desktop":{"background-color":"var(--ast-global-color-4)","background-image":"","background-repeat":"repeat","background-position":"center center","background-size":"auto","background-attachment":"scroll","background-type":"","background-media":"","overlay-type":"","overlay-color":"","overlay-opacity":"","overlay-gradient":""},"tablet":{"background-color":"var(--ast-global-color-4)","background-image":"","background-repeat":"repeat","background-position":"center center","background-size":"auto","background-attachment":"scroll","background-type":"","background-media":"","overlay-type":"","overlay-color":"","overlay-opacity":"","overlay-gradient":""},"mobile":{"background-color":"var(--ast-global-color-4)","background-image":"","background-repeat":"repeat","background-position":"center center","background-size":"auto","background-attachment":"scroll","background-type":"","background-media":"","overlay-type":"","overlay-color":"","overlay-opacity":"","overlay-gradient":""}}},"product_brand":[],"product_cat":[70],"product_tag":[68],"class_list":{"0":"post-592","1":"product","2":"type-product","3":"status-publish","4":"has-post-thumbnail","6":"product_cat-pekmez","7":"product_tag-sabiroglu","8":"desktop-align-left","9":"tablet-align-left","10":"mobile-align-left","12":"first","13":"instock","14":"shipping-taxable","15":"purchasable","16":"product-type-simple"},"_links":{"self":[{"href":"https:\/\/tt.abdulazizalsari.net\/ar\/wp-json\/wp\/v2\/product\/592","targetHints":{"allow":["GET"]}}],"collection":[{"href":"https:\/\/tt.abdulazizalsari.net\/ar\/wp-json\/wp\/v2\/product"}],"about":[{"href":"https:\/\/tt.abdulazizalsari.net\/ar\/wp-json\/wp\/v2\/types\/product"}],"replies":[{"embeddable":true,"href":"https:\/\/tt.abdulazizalsari.net\/ar\/wp-json\/wp\/v2\/comments?post=592"}],"wp:featuredmedia":[{"embeddable":true,"href":"https:\/\/tt.abdulazizalsari.net\/ar\/wp-json\/wp\/v2\/media\/591"}],"wp:attachment":[{"href":"https:\/\/tt.abdulazizalsari.net\/ar\/wp-json\/wp\/v2\/media?parent=592"}],"wp:term":[{"taxonomy":"product_brand","embeddable":true,"href":"https:\/\/tt.abdulazizalsari.net\/ar\/wp-json\/wp\/v2\/product_brand?post=592"},{"taxonomy":"product_cat","embeddable":true,"href":"https:\/\/tt.abdulazizalsari.net\/ar\/wp-json\/wp\/v2\/product_cat?post=592"},{"taxonomy":"product_tag","embeddable":true,"href":"https:\/\/tt.abdulazizalsari.net\/ar\/wp-json\/wp\/v2\/product_tag?post=592"}],"curies":[{"name":"wp","href":"https:\/\/api.w.org\/{rel}","templated":true}]}}