{"id":598,"date":"2026-04-16T11:31:14","date_gmt":"2026-04-16T11:31:14","guid":{"rendered":"https:\/\/tt.abdulazizalsari.net\/product\/1950-gr-kopuk-helvasi-kopuk-helvasi-bidon-4-adet\/"},"modified":"2026-04-16T11:31:14","modified_gmt":"2026-04-16T11:31:14","slug":"1950-gr-kopuk-helvasi-kopuk-helvasi-bidon-4-adet","status":"publish","type":"product","link":"https:\/\/tt.abdulazizalsari.net\/ar\/product\/1950-gr-kopuk-helvasi-kopuk-helvasi-bidon-4-adet\/","title":{"rendered":"1950 Gr K\u00f6p\u00fck Helvas\u0131 K\u00f6p\u00fck Helvas\u0131 Bidon-4 Adet"},"content":{"rendered":"<p>\u00dcr\u00fcn\u00fcn\u00fcn 4 adet halinde bulunan sat\u0131\u015f\u0131d\u0131r. SABIRO\u011eLU katk\u0131s\u0131z k\u00f6p\u00fck helvam\u0131z mide sa\u011fl\u0131\u011f\u0131n\u0131z\u0131 korur ve ba\u011f\u0131\u015f\u0131kl\u0131k sistemini artt\u0131rman\u0131zda yard\u0131mc\u0131 olur. K\u00f6p\u00fck helvam\u0131z<br \/> \u015feker, glikoz ve \u00e7\u00f6ven suyundan imal edilmekte olup, g\u0131da boyas\u0131 gibi katk\u0131 maddeleri kesinlikle bulunmamaktad\u0131r. Do\u011fal \u00fcr\u00fcnler ile harmanlanarak e\u015fsiz bir lezzet olu\u015fturmaktay\u0131z. \u0130\u00e7indekiler: Glikoz, \u015eeker, \u00c7\u00f6ven Suyu , Sitrik Asit ( Limon Tuzu). \u00dcr\u00fcn\u00fcm\u00fcz 1900 g a\u011f\u0131rl\u0131\u011f\u0131ndad\u0131r. Y\u0131llard\u0131r devam eden %100 do\u011fal ve katk\u0131s\u0131z \u00fcretim \u00e7izgimiz ile sofralar\u0131n\u0131zda yer alman\u0131n gururunu ya\u015famaktay\u0131z. \u00d6zenle paketledi\u011fimiz \u00fcr\u00fcnlerimiz herhangi bir zarar g\u00f6rmeden sofralar\u0131n\u0131za kadar ula\u015fmaktad\u0131r. Geleneksel bir \u00fcr\u00fcnd\u00fcr. Tahin ile kar\u0131\u015ft\u0131r\u0131labilir T\u00fcrk G\u0131da Kodeksi&#8217; ne uygun olarak \u00fcretilmi\u015ftir. Mam\u00fcllerimizin (\u00fcr\u00fcnlerimizin) hi\u00e7bir \u00e7e\u015fidinde domuz ya\u011f\u0131 ve katk\u0131lar\u0131 yoktur. SABIRO\u011eLU \u00fcr\u00fcnleri ISO-9001 Kalite Y\u00f6netim Sistemi, ISO- 22000 G\u0131da G\u00fcvenli\u011fi Y\u00f6netimi Sistemi standartlar\u0131nda \u00fcretilmektedir. TSE yan\u0131 s\u0131ra HELAL ve HACCP sertifikalar\u0131na da sahiptir. Son t\u00fcketim taihi kapakta yer al\u0131r. \u00dcr\u00fcnlerimiz imalattan direk evlerinize ula\u015f\u0131r. K\u00f6p\u00fck helvalar\u0131n son kullanma tarihinin bir y\u0131l s\u00fcresi vard\u0131r. SAKLAMA KO\u015eULLARI Serin ve kuru yerde saklay\u0131n\u0131z. \u00dcr\u00fcnlerimiz buzdolab\u0131na konulmamal\u0131d\u0131r.<\/p>","protected":false},"excerpt":{"rendered":"<p>\u00dcr\u00fcn\u00fcn\u00fcn 4 adet halinde bulunan sat\u0131\u015f\u0131d\u0131r. SABIRO\u011eLU katk\u0131s\u0131z k\u00f6p\u00fck helvam\u0131z mide sa\u011fl\u0131\u011f\u0131n\u0131z\u0131 korur ve ba\u011f\u0131\u015f\u0131kl\u0131k sistemini artt\u0131rman\u0131zda yard\u0131mc\u0131 olur. K\u00f6p\u00fck [&hellip;]<\/p>","protected":false},"featured_media":597,"comment_status":"open","ping_status":"closed","template":"","meta":{"_angie_page":false,"site-sidebar-layout":"default","site-content-layout":"","ast-site-content-layout":"default","site-content-style":"default","site-sidebar-style":"default","ast-global-header-display":"","ast-banner-title-visibility":"","ast-main-header-display":"","ast-hfb-above-header-display":"","ast-hfb-below-header-display":"","ast-hfb-mobile-header-display":"","site-post-title":"","ast-breadcrumbs-content":"","ast-featured-img":"","footer-sml-layout":"","ast-disable-related-posts":"","theme-transparent-header-meta":"","adv-header-id-meta":"","stick-header-meta":"","header-above-stick-meta":"","header-main-stick-meta":"","header-below-stick-meta":"","astra-migrate-meta-layouts":"default","ast-page-background-enabled":"default","ast-page-background-meta":{"desktop":{"background-color":"var(--ast-global-color-5)","background-image":"","background-repeat":"repeat","background-position":"center center","background-size":"auto","background-attachment":"scroll","background-type":"","background-media":"","overlay-type":"","overlay-color":"","overlay-opacity":"","overlay-gradient":""},"tablet":{"background-color":"","background-image":"","background-repeat":"repeat","background-position":"center center","background-size":"auto","background-attachment":"scroll","background-type":"","background-media":"","overlay-type":"","overlay-color":"","overlay-opacity":"","overlay-gradient":""},"mobile":{"background-color":"","background-image":"","background-repeat":"repeat","background-position":"center center","background-size":"auto","background-attachment":"scroll","background-type":"","background-media":"","overlay-type":"","overlay-color":"","overlay-opacity":"","overlay-gradient":""}},"ast-content-background-meta":{"desktop":{"background-color":"var(--ast-global-color-4)","background-image":"","background-repeat":"repeat","background-position":"center center","background-size":"auto","background-attachment":"scroll","background-type":"","background-media":"","overlay-type":"","overlay-color":"","overlay-opacity":"","overlay-gradient":""},"tablet":{"background-color":"var(--ast-global-color-4)","background-image":"","background-repeat":"repeat","background-position":"center center","background-size":"auto","background-attachment":"scroll","background-type":"","background-media":"","overlay-type":"","overlay-color":"","overlay-opacity":"","overlay-gradient":""},"mobile":{"background-color":"var(--ast-global-color-4)","background-image":"","background-repeat":"repeat","background-position":"center center","background-size":"auto","background-attachment":"scroll","background-type":"","background-media":"","overlay-type":"","overlay-color":"","overlay-opacity":"","overlay-gradient":""}}},"product_brand":[],"product_cat":[72],"product_tag":[68],"class_list":{"0":"post-598","1":"product","2":"type-product","3":"status-publish","4":"has-post-thumbnail","6":"product_cat-avantajli-urun-paketi","7":"product_tag-sabiroglu","8":"desktop-align-left","9":"tablet-align-left","10":"mobile-align-left","12":"first","13":"instock","14":"shipping-taxable","15":"purchasable","16":"product-type-simple"},"_links":{"self":[{"href":"https:\/\/tt.abdulazizalsari.net\/ar\/wp-json\/wp\/v2\/product\/598","targetHints":{"allow":["GET"]}}],"collection":[{"href":"https:\/\/tt.abdulazizalsari.net\/ar\/wp-json\/wp\/v2\/product"}],"about":[{"href":"https:\/\/tt.abdulazizalsari.net\/ar\/wp-json\/wp\/v2\/types\/product"}],"replies":[{"embeddable":true,"href":"https:\/\/tt.abdulazizalsari.net\/ar\/wp-json\/wp\/v2\/comments?post=598"}],"wp:featuredmedia":[{"embeddable":true,"href":"https:\/\/tt.abdulazizalsari.net\/ar\/wp-json\/wp\/v2\/media\/597"}],"wp:attachment":[{"href":"https:\/\/tt.abdulazizalsari.net\/ar\/wp-json\/wp\/v2\/media?parent=598"}],"wp:term":[{"taxonomy":"product_brand","embeddable":true,"href":"https:\/\/tt.abdulazizalsari.net\/ar\/wp-json\/wp\/v2\/product_brand?post=598"},{"taxonomy":"product_cat","embeddable":true,"href":"https:\/\/tt.abdulazizalsari.net\/ar\/wp-json\/wp\/v2\/product_cat?post=598"},{"taxonomy":"product_tag","embeddable":true,"href":"https:\/\/tt.abdulazizalsari.net\/ar\/wp-json\/wp\/v2\/product_tag?post=598"}],"curies":[{"name":"wp","href":"https:\/\/api.w.org\/{rel}","templated":true}]}}