{"id":628,"date":"2026-04-16T11:31:32","date_gmt":"2026-04-16T11:31:32","guid":{"rendered":"https:\/\/tt.abdulazizalsari.net\/product\/800-gr-recel-pls-kova-cilek-ve-kayisi\/"},"modified":"2026-04-16T11:31:32","modified_gmt":"2026-04-16T11:31:32","slug":"800-gr-recel-pls-kova-cilek-ve-kayisi","status":"publish","type":"product","link":"https:\/\/tt.abdulazizalsari.net\/ar\/product\/800-gr-recel-pls-kova-cilek-ve-kayisi\/","title":{"rendered":"800 Gr Re\u00e7el Pls Kova \u00c7ilek Ve Kay\u0131s\u0131"},"content":{"rendered":"<p>Kahvalt\u0131lar\u0131n vazge\u00e7ilmezi haline gelen SABIRO\u011eLU re\u00e7elleri ger\u00e7ek meyvelerden alm\u0131\u015f olduklar\u0131 sa\u011fl\u0131k ve lezzetleri evinize ta\u015f\u0131yor. <br \/> Aileniz, \u00e7ocuklar\u0131n\u0131z ile g\u00fcvenli ve sa\u011fl\u0131kl\u0131 bir \u015fekilde t\u00fcketip sofralar\u0131n\u0131za tat verebiliyor olman\u0131n mumlu\u011funu ya\u015f\u0131yoruz. <br \/> Re\u00e7eller \u015fekerli olduklar\u0131 i\u00e7in kana \u00e7abuk kar\u0131\u015f\u0131r ve enerji verir. <br \/> Bir\u00e7ok kalp a\u011fr\u0131s\u0131n\u0131 giderir. <br \/> \u0130\u00e7 hastal\u0131klar dolay\u0131s\u0131 ile olu\u015fan terlemeleri \u00f6nlemektedir. <br \/> Do\u011fal SABIRO\u011eLU re\u00e7ellerini t\u00fcketerek sa\u011fl\u0131kl\u0131 kalmaya devam edin \u00dcr\u00fcn\u00fcm\u00fcz 800 g a\u011f\u0131rl\u0131\u011f\u0131ndad\u0131r. <br \/> Y\u0131llard\u0131r devam eden %100 do\u011fal ve katk\u0131s\u0131z \u00fcretim \u00e7izgimiz ile sofralar\u0131n\u0131zda yer alman\u0131n gururunu ya\u015famaktay\u0131z. <br \/> \u00d6zenle paketledi\u011fimiz \u00fcr\u00fcnlerimiz herhangi bir zarar g\u00f6rmeden sofralar\u0131n\u0131za kadar ula\u015fmaktad\u0131r. <br \/> Sindirim sistemini d\u00fczenleyen besin b\u00f6bre\u011fin g\u00f6revlerini d\u00fczenlemesine yard\u0131mc\u0131 olur. <br \/> Her alanda oldu\u011fu gibi b\u00f6breklere de y\u00fcksek oranda fayda sa\u011flar. <br \/> SABIRO\u011eLU \u00fcr\u00fcnleri ISO-9001 Kalite Y\u00f6netim Sistemi,ISO- 22000 G\u0131da G\u00fcvenli\u011fi Y\u00f6netimi Sistemi standartlar\u0131nda \u00fcretilmektedir. <br \/> TSE yan\u0131 s\u0131ra HELAL ve HACCP sertifikalar\u0131na da sahiptir. <br \/> SAKLAMA KO\u015eULLARI Serin ve kuru yerde saklay\u0131n\u0131z. <br \/> \u00dcr\u00fcnlerimiz buzdolab\u0131na konulmamal\u0131d\u0131r.<\/p>","protected":false},"excerpt":{"rendered":"<p>Kahvalt\u0131lar\u0131n vazge\u00e7ilmezi haline gelen SABIRO\u011eLU re\u00e7elleri ger\u00e7ek meyvelerden alm\u0131\u015f olduklar\u0131 sa\u011fl\u0131k ve lezzetleri evinize ta\u015f\u0131yor. Aileniz, \u00e7ocuklar\u0131n\u0131z ile g\u00fcvenli ve [&hellip;]<\/p>","protected":false},"featured_media":627,"comment_status":"open","ping_status":"closed","template":"","meta":{"_angie_page":false,"site-sidebar-layout":"default","site-content-layout":"","ast-site-content-layout":"default","site-content-style":"default","site-sidebar-style":"default","ast-global-header-display":"","ast-banner-title-visibility":"","ast-main-header-display":"","ast-hfb-above-header-display":"","ast-hfb-below-header-display":"","ast-hfb-mobile-header-display":"","site-post-title":"","ast-breadcrumbs-content":"","ast-featured-img":"","footer-sml-layout":"","ast-disable-related-posts":"","theme-transparent-header-meta":"","adv-header-id-meta":"","stick-header-meta":"","header-above-stick-meta":"","header-main-stick-meta":"","header-below-stick-meta":"","astra-migrate-meta-layouts":"default","ast-page-background-enabled":"default","ast-page-background-meta":{"desktop":{"background-color":"var(--ast-global-color-5)","background-image":"","background-repeat":"repeat","background-position":"center center","background-size":"auto","background-attachment":"scroll","background-type":"","background-media":"","overlay-type":"","overlay-color":"","overlay-opacity":"","overlay-gradient":""},"tablet":{"background-color":"","background-image":"","background-repeat":"repeat","background-position":"center center","background-size":"auto","background-attachment":"scroll","background-type":"","background-media":"","overlay-type":"","overlay-color":"","overlay-opacity":"","overlay-gradient":""},"mobile":{"background-color":"","background-image":"","background-repeat":"repeat","background-position":"center center","background-size":"auto","background-attachment":"scroll","background-type":"","background-media":"","overlay-type":"","overlay-color":"","overlay-opacity":"","overlay-gradient":""}},"ast-content-background-meta":{"desktop":{"background-color":"var(--ast-global-color-4)","background-image":"","background-repeat":"repeat","background-position":"center center","background-size":"auto","background-attachment":"scroll","background-type":"","background-media":"","overlay-type":"","overlay-color":"","overlay-opacity":"","overlay-gradient":""},"tablet":{"background-color":"var(--ast-global-color-4)","background-image":"","background-repeat":"repeat","background-position":"center center","background-size":"auto","background-attachment":"scroll","background-type":"","background-media":"","overlay-type":"","overlay-color":"","overlay-opacity":"","overlay-gradient":""},"mobile":{"background-color":"var(--ast-global-color-4)","background-image":"","background-repeat":"repeat","background-position":"center center","background-size":"auto","background-attachment":"scroll","background-type":"","background-media":"","overlay-type":"","overlay-color":"","overlay-opacity":"","overlay-gradient":""}}},"product_brand":[],"product_cat":[72],"product_tag":[68],"class_list":{"0":"post-628","1":"product","2":"type-product","3":"status-publish","4":"has-post-thumbnail","6":"product_cat-avantajli-urun-paketi","7":"product_tag-sabiroglu","8":"desktop-align-left","9":"tablet-align-left","10":"mobile-align-left","12":"first","13":"outofstock","14":"sale","15":"shipping-taxable","16":"purchasable","17":"product-type-simple"},"_links":{"self":[{"href":"https:\/\/tt.abdulazizalsari.net\/ar\/wp-json\/wp\/v2\/product\/628","targetHints":{"allow":["GET"]}}],"collection":[{"href":"https:\/\/tt.abdulazizalsari.net\/ar\/wp-json\/wp\/v2\/product"}],"about":[{"href":"https:\/\/tt.abdulazizalsari.net\/ar\/wp-json\/wp\/v2\/types\/product"}],"replies":[{"embeddable":true,"href":"https:\/\/tt.abdulazizalsari.net\/ar\/wp-json\/wp\/v2\/comments?post=628"}],"wp:featuredmedia":[{"embeddable":true,"href":"https:\/\/tt.abdulazizalsari.net\/ar\/wp-json\/wp\/v2\/media\/627"}],"wp:attachment":[{"href":"https:\/\/tt.abdulazizalsari.net\/ar\/wp-json\/wp\/v2\/media?parent=628"}],"wp:term":[{"taxonomy":"product_brand","embeddable":true,"href":"https:\/\/tt.abdulazizalsari.net\/ar\/wp-json\/wp\/v2\/product_brand?post=628"},{"taxonomy":"product_cat","embeddable":true,"href":"https:\/\/tt.abdulazizalsari.net\/ar\/wp-json\/wp\/v2\/product_cat?post=628"},{"taxonomy":"product_tag","embeddable":true,"href":"https:\/\/tt.abdulazizalsari.net\/ar\/wp-json\/wp\/v2\/product_tag?post=628"}],"curies":[{"name":"wp","href":"https:\/\/api.w.org\/{rel}","templated":true}]}}