{"id":647,"date":"2026-04-16T11:31:45","date_gmt":"2026-04-16T11:31:45","guid":{"rendered":"https:\/\/tt.abdulazizalsari.net\/product\/1000-gr-beyaz-tahin\/"},"modified":"2026-05-05T12:03:47","modified_gmt":"2026-05-05T12:03:47","slug":"1000-gr-beyaz-tahin","status":"publish","type":"product","link":"https:\/\/tt.abdulazizalsari.net\/ar\/product\/1000-gr-beyaz-tahin\/","title":{"rendered":"\u0637\u062d\u064a\u0646\u0629 \u0628\u064a\u0636\u0627\u0621 1000 \u063a\u0631\u0627\u0645"},"content":{"rendered":"<p>G\u00fcnl\u00fck olarak belli bir kapasitede \u00fcretim ger\u00e7ekle\u015ftirerek en taze ve en do\u011fal tahini sizlere g\u00f6ndermekteyiz<br \/> G\u00fcn\u00fcn her saatinde sofralar\u0131m\u0131zda t\u00fcketilebilen, hi\u00e7 de\u011fi\u015fmeyen as\u0131rl\u0131k do\u011fal lezzetlerimiz ile sa\u011fl\u0131\u011f\u0131n\u0131z\u0131 koruyarak y\u00fcz\u00fcn\u00fczde g\u00fcl\u00fcmse b\u0131rakman\u0131n gururunu ya\u015f\u0131yoruz<br \/> Tahin \u00fcr\u00fcnlerimiz kendi imalat\u0131m\u0131z olup, direk \u00fcretimden sat\u0131\u015fa taze olarak sunulmaktad\u0131r<br \/> Tek kavrulmu\u015f tahin, beyaz tahin ve \u00e7i\u011f tahin olarakta bilinir<br \/> Bozk\u0131r tahininden( siyah tahin, \u00e7ift kavrulmu\u015f tahin) fark\u0131 susamlar\u0131n tek sefer kavrulmas\u0131ndand\u0131r<br \/> \u00dcr\u00fcn\u00fcm\u00fcz 1000 gr a\u011f\u0131rl\u0131\u011f\u0131ndad\u0131r<br \/> Tahin bir\u00e7ok mide rahats\u0131zl\u0131klar\u0131n\u0131 hafifletmekle birlikte i\u00e7eri\u011finde bol miktarda fosfor, lesitin, magnezyum, potasyum ve demir bulunur<br \/> Karaci\u011fer detoksu i\u00e7in \u00e7ok \u00f6nemli olan metiyonin maddesinden bar\u0131nd\u0131r\u0131r, cildi g\u00fczelle\u015ftirir<br \/> Kalsiyum a\u00e7\u0131s\u0131ndan en zengin besinlerden biridir<br \/> E vitamini, B1, B2, B3, B5 ve B15 vitaminleri a\u00e7\u0131s\u0131ndan zengindir<br \/> Sipari\u015fleriniz \u00f6zenli bir \u015fekilde paketlenerek d\u00f6k\u00fclme ve herhangi bir hasara u\u011framadan sofralar\u0131n\u0131za ula\u015fmaktad\u0131r<br \/> Susam taneleri \u0131slatma, kabuk soyma, kavurma ve \u00f6\u011f\u00fctme i\u015flemlerinden ge\u00e7irilerek tahin elde edilmektedir<br \/> Tahin, i\u00e7erdi\u011fi y\u00fcksek bitkisel protein, ya\u011f ve kalsiyum sayesinde kaliteli bir besin maddesidir<br \/> Tek ba\u015f\u0131na t\u00fcketilebildi\u011fi gibi bal, pekmez gibi g\u0131dalarla kar\u0131\u015ft\u0131r\u0131larak \u00f6zellikle \u00e7ocuklar i\u00e7in hem besleyici hem de lezzetli bir kar\u0131\u015f\u0131m yan\u0131nda hemen hemen her t\u00fcrl\u00fc unlu mamul i\u00e7ine konulabilir<br \/> \u0130\u00e7erdi\u011fi y\u00fcksek protein sayesinde uzun s\u00fcreli tokluk hissi vermekte, hayvansal protein t\u00fcketmeyen ki\u015filerin beslenmesinde \u00f6nemli bir yer te\u015fkil etmektedir<br \/> \u015eirketimiz b\u00fcnyesinden sipari\u015f verece\u011finiz Tahin \u00fcr\u00fcnlerimiz tamamen kendi imalat\u0131m\u0131zd\u0131r<br \/> Direkt olarak \u00fcretimden, m\u00fc\u015fterilerimize sunulmaktad\u0131r<br \/> SABIRO\u011eLU \u00fcr\u00fcnleri ISO<br \/> 9001 Kalite Y\u00f6netim Sistemi, ISO<br \/> 22000 G\u0131da G\u00fcvenli\u011fi Y\u00f6netimi Sistemi standartlar\u0131nda \u00fcretilmektedir<br \/> TSE yan\u0131 s\u0131ra HACCP ve HELAL sertifikalar\u0131na da sahiptir SAKLAMA KO\u015eULLARI Serin ve kuru yerde saklay\u0131n\u0131z<br \/> \u00dcr\u00fcnlerimiz buzdolab\u0131na konulmamal\u0131d\u0131r<\/p>\n<p><\/p>","protected":false},"excerpt":{"rendered":"<p>G\u00fcnl\u00fck olarak belli bir kapasitede \u00fcretim ger\u00e7ekle\u015ftirerek en taze ve en do\u011fal tahini sizlere g\u00f6ndermekteyiz G\u00fcn\u00fcn her saatinde sofralar\u0131m\u0131zda t\u00fcketilebilen, [&hellip;]<\/p>","protected":false},"featured_media":646,"comment_status":"open","ping_status":"closed","template":"","meta":{"_angie_page":false,"site-sidebar-layout":"default","site-content-layout":"","ast-site-content-layout":"default","site-content-style":"default","site-sidebar-style":"default","ast-global-header-display":"","ast-banner-title-visibility":"","ast-main-header-display":"","ast-hfb-above-header-display":"","ast-hfb-below-header-display":"","ast-hfb-mobile-header-display":"","site-post-title":"","ast-breadcrumbs-content":"","ast-featured-img":"","footer-sml-layout":"","ast-disable-related-posts":"","theme-transparent-header-meta":"","adv-header-id-meta":"","stick-header-meta":"","header-above-stick-meta":"","header-main-stick-meta":"","header-below-stick-meta":"","astra-migrate-meta-layouts":"default","ast-page-background-enabled":"default","ast-page-background-meta":{"desktop":{"background-color":"var(--ast-global-color-5)","background-image":"","background-repeat":"repeat","background-position":"center center","background-size":"auto","background-attachment":"scroll","background-type":"","background-media":"","overlay-type":"","overlay-color":"","overlay-opacity":"","overlay-gradient":""},"tablet":{"background-color":"","background-image":"","background-repeat":"repeat","background-position":"center center","background-size":"auto","background-attachment":"scroll","background-type":"","background-media":"","overlay-type":"","overlay-color":"","overlay-opacity":"","overlay-gradient":""},"mobile":{"background-color":"","background-image":"","background-repeat":"repeat","background-position":"center center","background-size":"auto","background-attachment":"scroll","background-type":"","background-media":"","overlay-type":"","overlay-color":"","overlay-opacity":"","overlay-gradient":""}},"ast-content-background-meta":{"desktop":{"background-color":"var(--ast-global-color-4)","background-image":"","background-repeat":"repeat","background-position":"center center","background-size":"auto","background-attachment":"scroll","background-type":"","background-media":"","overlay-type":"","overlay-color":"","overlay-opacity":"","overlay-gradient":""},"tablet":{"background-color":"var(--ast-global-color-4)","background-image":"","background-repeat":"repeat","background-position":"center center","background-size":"auto","background-attachment":"scroll","background-type":"","background-media":"","overlay-type":"","overlay-color":"","overlay-opacity":"","overlay-gradient":""},"mobile":{"background-color":"var(--ast-global-color-4)","background-image":"","background-repeat":"repeat","background-position":"center center","background-size":"auto","background-attachment":"scroll","background-type":"","background-media":"","overlay-type":"","overlay-color":"","overlay-opacity":"","overlay-gradient":""}}},"product_brand":[],"product_cat":[67],"product_tag":[68],"class_list":{"0":"post-647","1":"product","2":"type-product","3":"status-publish","4":"has-post-thumbnail","6":"product_cat-tahin","7":"product_tag-sabiroglu","8":"desktop-align-left","9":"tablet-align-left","10":"mobile-align-left","12":"first","13":"instock","14":"shipping-taxable","15":"purchasable","16":"product-type-simple"},"_links":{"self":[{"href":"https:\/\/tt.abdulazizalsari.net\/ar\/wp-json\/wp\/v2\/product\/647","targetHints":{"allow":["GET"]}}],"collection":[{"href":"https:\/\/tt.abdulazizalsari.net\/ar\/wp-json\/wp\/v2\/product"}],"about":[{"href":"https:\/\/tt.abdulazizalsari.net\/ar\/wp-json\/wp\/v2\/types\/product"}],"replies":[{"embeddable":true,"href":"https:\/\/tt.abdulazizalsari.net\/ar\/wp-json\/wp\/v2\/comments?post=647"}],"wp:featuredmedia":[{"embeddable":true,"href":"https:\/\/tt.abdulazizalsari.net\/ar\/wp-json\/wp\/v2\/media\/646"}],"wp:attachment":[{"href":"https:\/\/tt.abdulazizalsari.net\/ar\/wp-json\/wp\/v2\/media?parent=647"}],"wp:term":[{"taxonomy":"product_brand","embeddable":true,"href":"https:\/\/tt.abdulazizalsari.net\/ar\/wp-json\/wp\/v2\/product_brand?post=647"},{"taxonomy":"product_cat","embeddable":true,"href":"https:\/\/tt.abdulazizalsari.net\/ar\/wp-json\/wp\/v2\/product_cat?post=647"},{"taxonomy":"product_tag","embeddable":true,"href":"https:\/\/tt.abdulazizalsari.net\/ar\/wp-json\/wp\/v2\/product_tag?post=647"}],"curies":[{"name":"wp","href":"https:\/\/api.w.org\/{rel}","templated":true}]}}