{"id":727,"date":"2026-04-16T11:32:45","date_gmt":"2026-04-16T11:32:45","guid":{"rendered":"https:\/\/tt.abdulazizalsari.net\/product\/740-gr-helva-pls-kutu-fistikli\/"},"modified":"2026-05-05T11:59:11","modified_gmt":"2026-05-05T11:59:11","slug":"740-gr-helva-pls-kutu-fistikli","status":"publish","type":"product","link":"https:\/\/tt.abdulazizalsari.net\/ar\/product\/740-gr-helva-pls-kutu-fistikli\/","title":{"rendered":"740 gr Helva Pls Kutu F\u0131st\u0131kl\u0131"},"content":{"rendered":"<p>SABIRO\u011eLU katk\u0131s\u0131z tahin helvam\u0131z mide sa\u011fl\u0131\u011f\u0131n\u0131z\u0131 korur ve ba\u011f\u0131\u015f\u0131kl\u0131k sistemini artt\u0131rman\u0131zda yard\u0131mc\u0131 olur<br \/> Tahin helvam\u0131zda fruktoz, transya\u011f, g\u0131da boyas\u0131 gibi katk\u0131 maddeleri kesinlikle bulunmamaktad\u0131r<br \/> Do\u011fal \u00fcr\u00fcnler ile harmanlanarak e\u015fsiz bir lezzet olu\u015fturmaktay\u0131z<br \/> \u00dcr\u00fcn\u00fcm\u00fcz 740 g a\u011f\u0131rl\u0131\u011f\u0131ndad\u0131r<br \/> Y\u0131llard\u0131r devam eden %100 do\u011fal ve katk\u0131s\u0131z \u00fcretim \u00e7izgimiz ile sofralar\u0131n\u0131zda yer alman\u0131n gururunu ya\u015famaktay\u0131z<br \/> \u00d6zenle paketledi\u011fimiz \u00fcr\u00fcnlerimiz herhangi bir zarar g\u00f6rmeden sofralar\u0131n\u0131za kadar ula\u015fmaktad\u0131r<br \/> Tahin helvas\u0131 v\u00fccutta bulunan toksinleri s\u00f6kerek idrar\u0131n d\u00fczenli bir \u015fekilde d\u0131\u015far\u0131 at\u0131lmas\u0131na yard\u0131mc\u0131 olur<br \/> Sindirim sistemini d\u00fczenleyen besin b\u00f6bre\u011fin g\u00f6revlerini d\u00fczenlemesine yard\u0131mc\u0131 olur<br \/> Her alanda oldu\u011fu gibi b\u00f6breklere de y\u00fcksek oranda fayda sa\u011flar<br \/> SABIRO\u011eLU \u00fcr\u00fcnleri ISO<br \/> 9001 Kalite Y\u00f6netim Sistemi,ISO<br \/> 22000 G\u0131da G\u00fcvenli\u011fi Y\u00f6netimi Sistemi standartlar\u0131nda \u00fcretilmektedir<br \/> TSE yan\u0131 s\u0131ra HACCP ve HELAL sertifikalar\u0131na da sahiptir<br \/> SAKLAMA KO\u015eULLARI Serin ve kuru yerde saklay\u0131n\u0131z<br \/> \u00dcr\u00fcnlerimiz buzdolab\u0131na konulmamal\u0131d\u0131r<\/p>","protected":false},"excerpt":{"rendered":"<p>SABIRO\u011eLU katk\u0131s\u0131z tahin helvam\u0131z mide sa\u011fl\u0131\u011f\u0131n\u0131z\u0131 korur ve ba\u011f\u0131\u015f\u0131kl\u0131k sistemini artt\u0131rman\u0131zda yard\u0131mc\u0131 olur Tahin helvam\u0131zda fruktoz, transya\u011f, g\u0131da boyas\u0131 gibi [&hellip;]<\/p>","protected":false},"featured_media":726,"comment_status":"open","ping_status":"closed","template":"","meta":{"_angie_page":false,"site-sidebar-layout":"default","site-content-layout":"","ast-site-content-layout":"default","site-content-style":"default","site-sidebar-style":"default","ast-global-header-display":"","ast-banner-title-visibility":"","ast-main-header-display":"","ast-hfb-above-header-display":"","ast-hfb-below-header-display":"","ast-hfb-mobile-header-display":"","site-post-title":"","ast-breadcrumbs-content":"","ast-featured-img":"","footer-sml-layout":"","ast-disable-related-posts":"","theme-transparent-header-meta":"","adv-header-id-meta":"","stick-header-meta":"","header-above-stick-meta":"","header-main-stick-meta":"","header-below-stick-meta":"","astra-migrate-meta-layouts":"default","ast-page-background-enabled":"default","ast-page-background-meta":{"desktop":{"background-color":"var(--ast-global-color-5)","background-image":"","background-repeat":"repeat","background-position":"center center","background-size":"auto","background-attachment":"scroll","background-type":"","background-media":"","overlay-type":"","overlay-color":"","overlay-opacity":"","overlay-gradient":""},"tablet":{"background-color":"","background-image":"","background-repeat":"repeat","background-position":"center center","background-size":"auto","background-attachment":"scroll","background-type":"","background-media":"","overlay-type":"","overlay-color":"","overlay-opacity":"","overlay-gradient":""},"mobile":{"background-color":"","background-image":"","background-repeat":"repeat","background-position":"center center","background-size":"auto","background-attachment":"scroll","background-type":"","background-media":"","overlay-type":"","overlay-color":"","overlay-opacity":"","overlay-gradient":""}},"ast-content-background-meta":{"desktop":{"background-color":"var(--ast-global-color-4)","background-image":"","background-repeat":"repeat","background-position":"center center","background-size":"auto","background-attachment":"scroll","background-type":"","background-media":"","overlay-type":"","overlay-color":"","overlay-opacity":"","overlay-gradient":""},"tablet":{"background-color":"var(--ast-global-color-4)","background-image":"","background-repeat":"repeat","background-position":"center center","background-size":"auto","background-attachment":"scroll","background-type":"","background-media":"","overlay-type":"","overlay-color":"","overlay-opacity":"","overlay-gradient":""},"mobile":{"background-color":"var(--ast-global-color-4)","background-image":"","background-repeat":"repeat","background-position":"center center","background-size":"auto","background-attachment":"scroll","background-type":"","background-media":"","overlay-type":"","overlay-color":"","overlay-opacity":"","overlay-gradient":""}}},"product_brand":[],"product_cat":[69],"product_tag":[68],"class_list":{"0":"post-727","1":"product","2":"type-product","3":"status-publish","4":"has-post-thumbnail","6":"product_cat-helva","7":"product_tag-sabiroglu","8":"desktop-align-left","9":"tablet-align-left","10":"mobile-align-left","12":"first","13":"instock","14":"shipping-taxable","15":"purchasable","16":"product-type-simple"},"_links":{"self":[{"href":"https:\/\/tt.abdulazizalsari.net\/ar\/wp-json\/wp\/v2\/product\/727","targetHints":{"allow":["GET"]}}],"collection":[{"href":"https:\/\/tt.abdulazizalsari.net\/ar\/wp-json\/wp\/v2\/product"}],"about":[{"href":"https:\/\/tt.abdulazizalsari.net\/ar\/wp-json\/wp\/v2\/types\/product"}],"replies":[{"embeddable":true,"href":"https:\/\/tt.abdulazizalsari.net\/ar\/wp-json\/wp\/v2\/comments?post=727"}],"wp:featuredmedia":[{"embeddable":true,"href":"https:\/\/tt.abdulazizalsari.net\/ar\/wp-json\/wp\/v2\/media\/726"}],"wp:attachment":[{"href":"https:\/\/tt.abdulazizalsari.net\/ar\/wp-json\/wp\/v2\/media?parent=727"}],"wp:term":[{"taxonomy":"product_brand","embeddable":true,"href":"https:\/\/tt.abdulazizalsari.net\/ar\/wp-json\/wp\/v2\/product_brand?post=727"},{"taxonomy":"product_cat","embeddable":true,"href":"https:\/\/tt.abdulazizalsari.net\/ar\/wp-json\/wp\/v2\/product_cat?post=727"},{"taxonomy":"product_tag","embeddable":true,"href":"https:\/\/tt.abdulazizalsari.net\/ar\/wp-json\/wp\/v2\/product_tag?post=727"}],"curies":[{"name":"wp","href":"https:\/\/api.w.org\/{rel}","templated":true}]}}