{"id":739,"date":"2026-04-16T11:32:55","date_gmt":"2026-04-16T11:32:55","guid":{"rendered":"https:\/\/tt.abdulazizalsari.net\/product\/800-gr-pekmez-uzum-pekmezi-kavanoz\/"},"modified":"2026-05-05T11:53:58","modified_gmt":"2026-05-05T11:53:58","slug":"800-gr-pekmez-uzum-pekmezi-kavanoz","status":"publish","type":"product","link":"https:\/\/tt.abdulazizalsari.net\/ar\/product\/800-gr-pekmez-uzum-pekmezi-kavanoz\/","title":{"rendered":"\u062f\u0628\u0633 \u0639\u0646\u0628 800 \u063a\u0631\u0627\u0645 \u2013 \u0639\u0628\u0648\u0629 \u0632\u062c\u0627\u062c\u064a\u0629"},"content":{"rendered":"<p>Do\u011fal \u00fcz\u00fcmlerden, geleneksel y\u00f6ntemlerle \u00fcretilmi\u015f, \u015feker dahil hi\u00e7bir katk\u0131 maddesi i\u00e7ermeyen SABIRO\u011eLU pekmeleri Do\u011fal enerji kayna\u011f\u0131d\u0131r<br \/>\nV\u00fccut direncini,ba\u011f\u0131\u015f\u0131kl\u0131k sisteminin direncini artt\u0131r\u0131c\u0131 ve g\u00fc\u00e7lendirici \u00f6zelli\u011fi sayesinde hastal\u0131klara kar\u015f\u0131 koruyucudur<br \/>\nKaraci\u011feri temizleyerek damarlar\u0131 a\u00e7ar, kan bas\u0131nc\u0131n\u0131 dengeler<br \/>\nHastal\u0131k a\u015famas\u0131nda ise iyile\u015fme s\u00fcrecini h\u0131zland\u0131r\u0131r<br \/>\nPekmez do\u011fru oranda t\u00fcketildi\u011finde iyi bir enerji kayna\u011f\u0131, i\u00e7eri\u011findeki demir ve kalsiyum nedeniyle kemik geli\u015fimini destekleyici ve kans\u0131zl\u0131\u011f\u0131 giderici bir besin<br \/>\n\u201cSo\u011fuk havalarda t\u00fcketildi\u011finde v\u00fccudun \u0131s\u0131 dengesini sa\u011flamaktad\u0131r<br \/>\n\u00dcr\u00fcn\u00fcm\u00fcz 800 g a\u011f\u0131rl\u0131\u011f\u0131ndad\u0131r<br \/>\nY\u0131llard\u0131r devam eden %100 do\u011fal ve katk\u0131s\u0131z \u00fcretim \u00e7izgimiz ile soflar\u0131n\u0131zda yer alman\u0131n gururunu ya\u015famaktay\u0131z<br \/>\n\u00d6zenle paketledi\u011fimiz \u00fcr\u00fcnlerimiz herhangi bir zarar g\u00f6rmeden sofralar\u0131n\u0131za kadar ula\u015fmaktad\u0131r<br \/>\nSindirim sistemini d\u00fczenleyen besin b\u00f6bre\u011fin g\u00f6revlerini d\u00fczenlemesine yard\u0131mc\u0131 olur<br \/>\nHer alanda oldu\u011fu gibi b\u00f6breklere de y\u00fcksek oranda fayda sa\u011flar<br \/>\nSABIRO\u011eLU \u00fcr\u00fcnleri ISO<br \/>\n9001 Kalite Y\u00f6netim Sistemi,ISO<br \/>\n22000 G\u0131da G\u00fcvenli\u011fi Y\u00f6netimi Sistemi standartlar\u0131nda \u00fcretilmektedir<br \/>\nTSE yan\u0131 s\u0131ra HELAL sertifikalar\u0131na da sahiptir SAKLAMA KO\u015eULLARI Serin ve kuru yerde saklay\u0131n\u0131z<br \/>\n\u00dcr\u00fcnlerimiz buzdolab\u0131na konulmamal\u0131d\u0131r<\/p>","protected":false},"excerpt":{"rendered":"<p>Do\u011fal \u00fcz\u00fcmlerden, geleneksel y\u00f6ntemlerle \u00fcretilmi\u015f, \u015feker dahil hi\u00e7bir katk\u0131 maddesi i\u00e7ermeyen SABIRO\u011eLU pekmeleri Do\u011fal enerji kayna\u011f\u0131d\u0131r V\u00fccut direncini,ba\u011f\u0131\u015f\u0131kl\u0131k sisteminin direncini [&hellip;]<\/p>","protected":false},"featured_media":738,"comment_status":"open","ping_status":"closed","template":"","meta":{"_angie_page":false,"site-sidebar-layout":"default","site-content-layout":"","ast-site-content-layout":"default","site-content-style":"default","site-sidebar-style":"default","ast-global-header-display":"","ast-banner-title-visibility":"","ast-main-header-display":"","ast-hfb-above-header-display":"","ast-hfb-below-header-display":"","ast-hfb-mobile-header-display":"","site-post-title":"","ast-breadcrumbs-content":"","ast-featured-img":"","footer-sml-layout":"","ast-disable-related-posts":"","theme-transparent-header-meta":"default","adv-header-id-meta":"","stick-header-meta":"","header-above-stick-meta":"","header-main-stick-meta":"","header-below-stick-meta":"","astra-migrate-meta-layouts":"set","ast-page-background-enabled":"default","ast-page-background-meta":{"desktop":{"background-color":"var(--ast-global-color-5)","background-image":"","background-repeat":"repeat","background-position":"center center","background-size":"auto","background-attachment":"scroll","background-type":"","background-media":"","overlay-type":"","overlay-color":"","overlay-opacity":"","overlay-gradient":""},"tablet":{"background-color":"","background-image":"","background-repeat":"repeat","background-position":"center center","background-size":"auto","background-attachment":"scroll","background-type":"","background-media":"","overlay-type":"","overlay-color":"","overlay-opacity":"","overlay-gradient":""},"mobile":{"background-color":"","background-image":"","background-repeat":"repeat","background-position":"center center","background-size":"auto","background-attachment":"scroll","background-type":"","background-media":"","overlay-type":"","overlay-color":"","overlay-opacity":"","overlay-gradient":""}},"ast-content-background-meta":{"desktop":{"background-color":"var(--ast-global-color-4)","background-image":"","background-repeat":"repeat","background-position":"center center","background-size":"auto","background-attachment":"scroll","background-type":"","background-media":"","overlay-type":"","overlay-color":"","overlay-opacity":"","overlay-gradient":""},"tablet":{"background-color":"var(--ast-global-color-4)","background-image":"","background-repeat":"repeat","background-position":"center center","background-size":"auto","background-attachment":"scroll","background-type":"","background-media":"","overlay-type":"","overlay-color":"","overlay-opacity":"","overlay-gradient":""},"mobile":{"background-color":"var(--ast-global-color-4)","background-image":"","background-repeat":"repeat","background-position":"center center","background-size":"auto","background-attachment":"scroll","background-type":"","background-media":"","overlay-type":"","overlay-color":"","overlay-opacity":"","overlay-gradient":""}}},"product_brand":[],"product_cat":[70],"product_tag":[68],"class_list":{"0":"post-739","1":"product","2":"type-product","3":"status-publish","4":"has-post-thumbnail","6":"product_cat-pekmez","7":"product_tag-sabiroglu","8":"desktop-align-left","9":"tablet-align-left","10":"mobile-align-left","12":"first","13":"instock","14":"shipping-taxable","15":"purchasable","16":"product-type-simple"},"_links":{"self":[{"href":"https:\/\/tt.abdulazizalsari.net\/ar\/wp-json\/wp\/v2\/product\/739","targetHints":{"allow":["GET"]}}],"collection":[{"href":"https:\/\/tt.abdulazizalsari.net\/ar\/wp-json\/wp\/v2\/product"}],"about":[{"href":"https:\/\/tt.abdulazizalsari.net\/ar\/wp-json\/wp\/v2\/types\/product"}],"replies":[{"embeddable":true,"href":"https:\/\/tt.abdulazizalsari.net\/ar\/wp-json\/wp\/v2\/comments?post=739"}],"wp:featuredmedia":[{"embeddable":true,"href":"https:\/\/tt.abdulazizalsari.net\/ar\/wp-json\/wp\/v2\/media\/738"}],"wp:attachment":[{"href":"https:\/\/tt.abdulazizalsari.net\/ar\/wp-json\/wp\/v2\/media?parent=739"}],"wp:term":[{"taxonomy":"product_brand","embeddable":true,"href":"https:\/\/tt.abdulazizalsari.net\/ar\/wp-json\/wp\/v2\/product_brand?post=739"},{"taxonomy":"product_cat","embeddable":true,"href":"https:\/\/tt.abdulazizalsari.net\/ar\/wp-json\/wp\/v2\/product_cat?post=739"},{"taxonomy":"product_tag","embeddable":true,"href":"https:\/\/tt.abdulazizalsari.net\/ar\/wp-json\/wp\/v2\/product_tag?post=739"}],"curies":[{"name":"wp","href":"https:\/\/api.w.org\/{rel}","templated":true}]}}