{"id":578,"date":"2026-04-16T11:31:03","date_gmt":"2026-04-16T11:31:03","guid":{"rendered":"https:\/\/tt.abdulazizalsari.net\/product\/ayva-receli-net-360-gr-kavanoz\/"},"modified":"2026-05-05T12:11:49","modified_gmt":"2026-05-05T12:11:49","slug":"ayva-receli-net-360-gr-kavanoz","status":"publish","type":"product","link":"https:\/\/tt.abdulazizalsari.net\/en\/product\/ayva-receli-net-360-gr-kavanoz\/","title":{"rendered":"Ayva Re\u00e7eli Net 360 gr Kavanoz"},"content":{"rendered":"<p>&#8211; %100 do\u011fal ayva kullan\u0131larak \u00fcretilmi\u015ftir, katk\u0131 maddesi i\u00e7ermez.<br \/> &#8211; Geleneksel y\u00f6ntemlerle haz\u0131rlanm\u0131\u015f olup, ayvan\u0131n do\u011fal tatlar\u0131 korunmu\u015ftur.<br \/> &#8211; Men\u015fei T\u00fcrkiye olan bu ayva re\u00e7eli, yerel \u00fcreticileri destekler ve taze lezzetleri sofralar\u0131n\u0131za ta\u015f\u0131r.<br \/> &#8211; 360 graml\u0131k kavanozda sunulan bu \u00fcr\u00fcn, hem g\u00fcnl\u00fck t\u00fcketim hem de \u00f6zel g\u00fcnler i\u00e7in idealdir.<br \/> &#8211; Ayva Re\u00e7eli, kahvalt\u0131 sofralar\u0131n\u0131n vazge\u00e7ilmezi olup, ekmek, tost ve \u00e7ay\u0131n yan\u0131nda m\u00fckemmel bir tamamlay\u0131c\u0131d\u0131r.<\/p>","protected":false},"excerpt":{"rendered":"<p>&#8211; %100 do\u011fal ayva kullan\u0131larak \u00fcretilmi\u015ftir, katk\u0131 maddesi i\u00e7ermez. &#8211; Geleneksel y\u00f6ntemlerle haz\u0131rlanm\u0131\u015f olup, ayvan\u0131n do\u011fal tatlar\u0131 korunmu\u015ftur. &#8211; Men\u015fei [&hellip;]<\/p>","protected":false},"featured_media":577,"comment_status":"open","ping_status":"closed","template":"","meta":{"_angie_page":false,"site-sidebar-layout":"default","site-content-layout":"","ast-site-content-layout":"default","site-content-style":"default","site-sidebar-style":"default","ast-global-header-display":"","ast-banner-title-visibility":"","ast-main-header-display":"","ast-hfb-above-header-display":"","ast-hfb-below-header-display":"","ast-hfb-mobile-header-display":"","site-post-title":"","ast-breadcrumbs-content":"","ast-featured-img":"","footer-sml-layout":"","ast-disable-related-posts":"","theme-transparent-header-meta":"","adv-header-id-meta":"","stick-header-meta":"","header-above-stick-meta":"","header-main-stick-meta":"","header-below-stick-meta":"","astra-migrate-meta-layouts":"default","ast-page-background-enabled":"default","ast-page-background-meta":{"desktop":{"background-color":"var(--ast-global-color-5)","background-image":"","background-repeat":"repeat","background-position":"center center","background-size":"auto","background-attachment":"scroll","background-type":"","background-media":"","overlay-type":"","overlay-color":"","overlay-opacity":"","overlay-gradient":""},"tablet":{"background-color":"","background-image":"","background-repeat":"repeat","background-position":"center center","background-size":"auto","background-attachment":"scroll","background-type":"","background-media":"","overlay-type":"","overlay-color":"","overlay-opacity":"","overlay-gradient":""},"mobile":{"background-color":"","background-image":"","background-repeat":"repeat","background-position":"center center","background-size":"auto","background-attachment":"scroll","background-type":"","background-media":"","overlay-type":"","overlay-color":"","overlay-opacity":"","overlay-gradient":""}},"ast-content-background-meta":{"desktop":{"background-color":"var(--ast-global-color-4)","background-image":"","background-repeat":"repeat","background-position":"center center","background-size":"auto","background-attachment":"scroll","background-type":"","background-media":"","overlay-type":"","overlay-color":"","overlay-opacity":"","overlay-gradient":""},"tablet":{"background-color":"var(--ast-global-color-4)","background-image":"","background-repeat":"repeat","background-position":"center center","background-size":"auto","background-attachment":"scroll","background-type":"","background-media":"","overlay-type":"","overlay-color":"","overlay-opacity":"","overlay-gradient":""},"mobile":{"background-color":"var(--ast-global-color-4)","background-image":"","background-repeat":"repeat","background-position":"center center","background-size":"auto","background-attachment":"scroll","background-type":"","background-media":"","overlay-type":"","overlay-color":"","overlay-opacity":"","overlay-gradient":""}}},"product_brand":[],"product_cat":[71],"product_tag":[68],"class_list":{"0":"post-578","1":"product","2":"type-product","3":"status-publish","4":"has-post-thumbnail","6":"product_cat-recel","7":"product_tag-sabiroglu","8":"desktop-align-left","9":"tablet-align-left","10":"mobile-align-left","12":"first","13":"instock","14":"shipping-taxable","15":"purchasable","16":"product-type-simple"},"_links":{"self":[{"href":"https:\/\/tt.abdulazizalsari.net\/en\/wp-json\/wp\/v2\/product\/578","targetHints":{"allow":["GET"]}}],"collection":[{"href":"https:\/\/tt.abdulazizalsari.net\/en\/wp-json\/wp\/v2\/product"}],"about":[{"href":"https:\/\/tt.abdulazizalsari.net\/en\/wp-json\/wp\/v2\/types\/product"}],"replies":[{"embeddable":true,"href":"https:\/\/tt.abdulazizalsari.net\/en\/wp-json\/wp\/v2\/comments?post=578"}],"wp:featuredmedia":[{"embeddable":true,"href":"https:\/\/tt.abdulazizalsari.net\/en\/wp-json\/wp\/v2\/media\/577"}],"wp:attachment":[{"href":"https:\/\/tt.abdulazizalsari.net\/en\/wp-json\/wp\/v2\/media?parent=578"}],"wp:term":[{"taxonomy":"product_brand","embeddable":true,"href":"https:\/\/tt.abdulazizalsari.net\/en\/wp-json\/wp\/v2\/product_brand?post=578"},{"taxonomy":"product_cat","embeddable":true,"href":"https:\/\/tt.abdulazizalsari.net\/en\/wp-json\/wp\/v2\/product_cat?post=578"},{"taxonomy":"product_tag","embeddable":true,"href":"https:\/\/tt.abdulazizalsari.net\/en\/wp-json\/wp\/v2\/product_tag?post=578"}],"curies":[{"name":"wp","href":"https:\/\/api.w.org\/{rel}","templated":true}]}}