{"id":584,"date":"2026-04-16T11:31:06","date_gmt":"2026-04-16T11:31:06","guid":{"rendered":"https:\/\/tt.abdulazizalsari.net\/product\/ahududu-receli-net-360-gr-kavanoz\/"},"modified":"2026-05-05T12:11:24","modified_gmt":"2026-05-05T12:11:24","slug":"ahududu-receli-net-360-gr-kavanoz","status":"publish","type":"product","link":"https:\/\/tt.abdulazizalsari.net\/en\/product\/ahududu-receli-net-360-gr-kavanoz\/","title":{"rendered":"Ahududu Re\u00e7eli Net 360 gr Kavanoz"},"content":{"rendered":"<p>&#8211; T\u00fcrk men\u015feli, yerli \u00fcretim ahududu re\u00e7eli ile sofralar\u0131n\u0131za do\u011fal lezzet kat\u0131n.<br \/> &#8211; 360 graml\u0131k kavanozda sunulan bu leziz re\u00e7el, her yeme\u011finize e\u015flik edecek ideal bir tatl\u0131 alternatifidir.<br \/> &#8211; Taze ahududular\u0131n \u00f6zenle se\u00e7ilip, do\u011fal y\u00f6ntemlerle i\u015flenmesi sayesinde, her ka\u015f\u0131kta taze ahududu lezzetini hissedin.<br \/> &#8211; Kavanoz ambalaj\u0131 ile kolayca saklanabilir ve istedi\u011finiz zaman taze ahududu re\u00e7elinin tad\u0131n\u0131 \u00e7\u0131karabilirsiniz.<\/p>","protected":false},"excerpt":{"rendered":"<p>&#8211; T\u00fcrk men\u015feli, yerli \u00fcretim ahududu re\u00e7eli ile sofralar\u0131n\u0131za do\u011fal lezzet kat\u0131n. &#8211; 360 graml\u0131k kavanozda sunulan bu leziz re\u00e7el, [&hellip;]<\/p>","protected":false},"featured_media":583,"comment_status":"open","ping_status":"closed","template":"","meta":{"_angie_page":false,"site-sidebar-layout":"default","site-content-layout":"","ast-site-content-layout":"default","site-content-style":"default","site-sidebar-style":"default","ast-global-header-display":"","ast-banner-title-visibility":"","ast-main-header-display":"","ast-hfb-above-header-display":"","ast-hfb-below-header-display":"","ast-hfb-mobile-header-display":"","site-post-title":"","ast-breadcrumbs-content":"","ast-featured-img":"","footer-sml-layout":"","ast-disable-related-posts":"","theme-transparent-header-meta":"","adv-header-id-meta":"","stick-header-meta":"","header-above-stick-meta":"","header-main-stick-meta":"","header-below-stick-meta":"","astra-migrate-meta-layouts":"default","ast-page-background-enabled":"default","ast-page-background-meta":{"desktop":{"background-color":"var(--ast-global-color-5)","background-image":"","background-repeat":"repeat","background-position":"center center","background-size":"auto","background-attachment":"scroll","background-type":"","background-media":"","overlay-type":"","overlay-color":"","overlay-opacity":"","overlay-gradient":""},"tablet":{"background-color":"","background-image":"","background-repeat":"repeat","background-position":"center center","background-size":"auto","background-attachment":"scroll","background-type":"","background-media":"","overlay-type":"","overlay-color":"","overlay-opacity":"","overlay-gradient":""},"mobile":{"background-color":"","background-image":"","background-repeat":"repeat","background-position":"center center","background-size":"auto","background-attachment":"scroll","background-type":"","background-media":"","overlay-type":"","overlay-color":"","overlay-opacity":"","overlay-gradient":""}},"ast-content-background-meta":{"desktop":{"background-color":"var(--ast-global-color-4)","background-image":"","background-repeat":"repeat","background-position":"center center","background-size":"auto","background-attachment":"scroll","background-type":"","background-media":"","overlay-type":"","overlay-color":"","overlay-opacity":"","overlay-gradient":""},"tablet":{"background-color":"var(--ast-global-color-4)","background-image":"","background-repeat":"repeat","background-position":"center center","background-size":"auto","background-attachment":"scroll","background-type":"","background-media":"","overlay-type":"","overlay-color":"","overlay-opacity":"","overlay-gradient":""},"mobile":{"background-color":"var(--ast-global-color-4)","background-image":"","background-repeat":"repeat","background-position":"center center","background-size":"auto","background-attachment":"scroll","background-type":"","background-media":"","overlay-type":"","overlay-color":"","overlay-opacity":"","overlay-gradient":""}}},"product_brand":[],"product_cat":[71],"product_tag":[68],"class_list":{"0":"post-584","1":"product","2":"type-product","3":"status-publish","4":"has-post-thumbnail","6":"product_cat-recel","7":"product_tag-sabiroglu","8":"desktop-align-left","9":"tablet-align-left","10":"mobile-align-left","12":"first","13":"instock","14":"shipping-taxable","15":"purchasable","16":"product-type-simple"},"_links":{"self":[{"href":"https:\/\/tt.abdulazizalsari.net\/en\/wp-json\/wp\/v2\/product\/584","targetHints":{"allow":["GET"]}}],"collection":[{"href":"https:\/\/tt.abdulazizalsari.net\/en\/wp-json\/wp\/v2\/product"}],"about":[{"href":"https:\/\/tt.abdulazizalsari.net\/en\/wp-json\/wp\/v2\/types\/product"}],"replies":[{"embeddable":true,"href":"https:\/\/tt.abdulazizalsari.net\/en\/wp-json\/wp\/v2\/comments?post=584"}],"wp:featuredmedia":[{"embeddable":true,"href":"https:\/\/tt.abdulazizalsari.net\/en\/wp-json\/wp\/v2\/media\/583"}],"wp:attachment":[{"href":"https:\/\/tt.abdulazizalsari.net\/en\/wp-json\/wp\/v2\/media?parent=584"}],"wp:term":[{"taxonomy":"product_brand","embeddable":true,"href":"https:\/\/tt.abdulazizalsari.net\/en\/wp-json\/wp\/v2\/product_brand?post=584"},{"taxonomy":"product_cat","embeddable":true,"href":"https:\/\/tt.abdulazizalsari.net\/en\/wp-json\/wp\/v2\/product_cat?post=584"},{"taxonomy":"product_tag","embeddable":true,"href":"https:\/\/tt.abdulazizalsari.net\/en\/wp-json\/wp\/v2\/product_tag?post=584"}],"curies":[{"name":"wp","href":"https:\/\/api.w.org\/{rel}","templated":true}]}}