{"id":590,"date":"2026-04-16T11:31:10","date_gmt":"2026-04-16T11:31:10","guid":{"rendered":"https:\/\/tt.abdulazizalsari.net\/product\/bozkir-tahini-net-800-gr\/"},"modified":"2026-05-05T12:02:38","modified_gmt":"2026-05-05T12:02:38","slug":"bozkir-tahini-net-800-gr","status":"publish","type":"product","link":"https:\/\/tt.abdulazizalsari.net\/en\/product\/bozkir-tahini-net-800-gr\/","title":{"rendered":"Bozk\u0131r Tahini Net 800 g"},"content":{"rendered":"<p>&#8211; %100 do\u011fal ve saf tahin, Bozk\u0131r&#8217;\u0131n bereketli topraklar\u0131ndan gelen lezzeti sofralar\u0131n\u0131za ta\u015f\u0131r.<br \/> &#8211; 800 graml\u0131k b\u00fcy\u00fck boy paketi ile uzun s\u00fcreli kullan\u0131m i\u00e7in idealdir<br \/> s\u0131k s\u0131k al\u0131\u015fveri\u015f yapma zahmetinden kurtar\u0131r.<br \/> &#8211; Geleneksel \u00fcretim y\u00f6ntemleriyle haz\u0131rlanan Bozk\u0131r Tahini, otantik lezzetiyle damak zevkinizi \u015fenlendirir.<br \/> &#8211; Men\u015fei T\u00fcrkiye olan bu tahin, yerel \u00fcreticileri destekler ve kaliteli \u00fcr\u00fcnlerin ula\u015f\u0131labilirli\u011fini art\u0131r\u0131r.<\/p>","protected":false},"excerpt":{"rendered":"<p>&#8211; %100 do\u011fal ve saf tahin, Bozk\u0131r&#8217;\u0131n bereketli topraklar\u0131ndan gelen lezzeti sofralar\u0131n\u0131za ta\u015f\u0131r. &#8211; 800 graml\u0131k b\u00fcy\u00fck boy paketi ile [&hellip;]<\/p>","protected":false},"featured_media":589,"comment_status":"open","ping_status":"closed","template":"","meta":{"_angie_page":false,"site-sidebar-layout":"default","site-content-layout":"","ast-site-content-layout":"default","site-content-style":"default","site-sidebar-style":"default","ast-global-header-display":"","ast-banner-title-visibility":"","ast-main-header-display":"","ast-hfb-above-header-display":"","ast-hfb-below-header-display":"","ast-hfb-mobile-header-display":"","site-post-title":"","ast-breadcrumbs-content":"","ast-featured-img":"","footer-sml-layout":"","ast-disable-related-posts":"","theme-transparent-header-meta":"","adv-header-id-meta":"","stick-header-meta":"","header-above-stick-meta":"","header-main-stick-meta":"","header-below-stick-meta":"","astra-migrate-meta-layouts":"default","ast-page-background-enabled":"default","ast-page-background-meta":{"desktop":{"background-color":"var(--ast-global-color-5)","background-image":"","background-repeat":"repeat","background-position":"center center","background-size":"auto","background-attachment":"scroll","background-type":"","background-media":"","overlay-type":"","overlay-color":"","overlay-opacity":"","overlay-gradient":""},"tablet":{"background-color":"","background-image":"","background-repeat":"repeat","background-position":"center center","background-size":"auto","background-attachment":"scroll","background-type":"","background-media":"","overlay-type":"","overlay-color":"","overlay-opacity":"","overlay-gradient":""},"mobile":{"background-color":"","background-image":"","background-repeat":"repeat","background-position":"center center","background-size":"auto","background-attachment":"scroll","background-type":"","background-media":"","overlay-type":"","overlay-color":"","overlay-opacity":"","overlay-gradient":""}},"ast-content-background-meta":{"desktop":{"background-color":"var(--ast-global-color-4)","background-image":"","background-repeat":"repeat","background-position":"center center","background-size":"auto","background-attachment":"scroll","background-type":"","background-media":"","overlay-type":"","overlay-color":"","overlay-opacity":"","overlay-gradient":""},"tablet":{"background-color":"var(--ast-global-color-4)","background-image":"","background-repeat":"repeat","background-position":"center center","background-size":"auto","background-attachment":"scroll","background-type":"","background-media":"","overlay-type":"","overlay-color":"","overlay-opacity":"","overlay-gradient":""},"mobile":{"background-color":"var(--ast-global-color-4)","background-image":"","background-repeat":"repeat","background-position":"center center","background-size":"auto","background-attachment":"scroll","background-type":"","background-media":"","overlay-type":"","overlay-color":"","overlay-opacity":"","overlay-gradient":""}}},"product_brand":[],"product_cat":[67],"product_tag":[68],"class_list":{"0":"post-590","1":"product","2":"type-product","3":"status-publish","4":"has-post-thumbnail","6":"product_cat-tahin","7":"product_tag-sabiroglu","8":"desktop-align-left","9":"tablet-align-left","10":"mobile-align-left","12":"first","13":"instock","14":"shipping-taxable","15":"purchasable","16":"product-type-simple"},"_links":{"self":[{"href":"https:\/\/tt.abdulazizalsari.net\/en\/wp-json\/wp\/v2\/product\/590","targetHints":{"allow":["GET"]}}],"collection":[{"href":"https:\/\/tt.abdulazizalsari.net\/en\/wp-json\/wp\/v2\/product"}],"about":[{"href":"https:\/\/tt.abdulazizalsari.net\/en\/wp-json\/wp\/v2\/types\/product"}],"replies":[{"embeddable":true,"href":"https:\/\/tt.abdulazizalsari.net\/en\/wp-json\/wp\/v2\/comments?post=590"}],"wp:featuredmedia":[{"embeddable":true,"href":"https:\/\/tt.abdulazizalsari.net\/en\/wp-json\/wp\/v2\/media\/589"}],"wp:attachment":[{"href":"https:\/\/tt.abdulazizalsari.net\/en\/wp-json\/wp\/v2\/media?parent=590"}],"wp:term":[{"taxonomy":"product_brand","embeddable":true,"href":"https:\/\/tt.abdulazizalsari.net\/en\/wp-json\/wp\/v2\/product_brand?post=590"},{"taxonomy":"product_cat","embeddable":true,"href":"https:\/\/tt.abdulazizalsari.net\/en\/wp-json\/wp\/v2\/product_cat?post=590"},{"taxonomy":"product_tag","embeddable":true,"href":"https:\/\/tt.abdulazizalsari.net\/en\/wp-json\/wp\/v2\/product_tag?post=590"}],"curies":[{"name":"wp","href":"https:\/\/api.w.org\/{rel}","templated":true}]}}