{"id":594,"date":"2026-04-16T11:31:12","date_gmt":"2026-04-16T11:31:12","guid":{"rendered":"https:\/\/tt.abdulazizalsari.net\/product\/sabirlar-yerli-tahin-1000-gr-%100-manavgat-susami\/"},"modified":"2026-05-05T12:02:46","modified_gmt":"2026-05-05T12:02:46","slug":"sabirlar-yerli-tahin-1000-gr-0-manavgat-susami","status":"publish","type":"product","link":"https:\/\/tt.abdulazizalsari.net\/en\/product\/sabirlar-yerli-tahin-1000-gr-0-manavgat-susami\/","title":{"rendered":"Sab\u0131rlar Local Tahini 1000 g (100% Manavgat Sesame)"},"content":{"rendered":"<p>\u00d6zenle se\u00e7ilmi\u015f Manavgat susamlarindan \u00fcretti\u011fimiz tahinimizde hi\u00e7bir katk\u0131 maddesi bulunmamaktad\u0131r. <br \/> Y\u00fcksek oranda tekli veya \u00e7oklu doymam\u0131\u015f ya\u011flar i\u00e7eren tahin, antinflamatuar \u00f6zellikleri sayesinde bag\u0131\u015f\u0131kl\u0131\u011f\u0131 g\u00fc\u00e7lendirmesinin yan\u0131 s\u0131ra kollesterol seviyesini d\u00fc\u015f\u00fcr\u00fcr, kalp hastal\u0131klar\u0131 ve felc riskini azalt\u0131r. <br \/> Ayr\u0131ca tahinin i\u00e7indeki kalsiyum ve magnezyum da kan bas\u0131nc\u0131n\u0131 d\u00fc\u015f\u00fcrmeye yard\u0131m eder. <br \/> \u00d6zellikle pekmezle olan kar\u0131\u015f\u0131m\u0131yla k\u0131\u015f aylar\u0131n\u0131n vazge\u00e7ilmez besinleri aras\u0131nda yer alan tahin, tek ba\u015f\u0131na t\u00fcketildi\u011finde de sa\u011fl\u0131k a\u00e7\u0131s\u0131ndan bir\u00e7ok fayda sunar. <br \/> Bag\u0131\u015f\u0131kl\u0131\u011f\u0131 g\u00fc\u00e7lendirir, kollesterol seviyesini d\u00fc\u015f\u00fcr\u00fcr, kalp hastal\u0131klar\u0131n\u0131 azalt\u0131r.Kan bas\u0131nc\u0131n\u0131 d\u00fc\u015f\u00fcrmeye yard\u0131mc\u0131d\u0131r.Beyin geli\u015fimini destekler.Y\u00fcksek antioksidan kayna\u011f\u0131d\u0131r.Kemik yap\u0131s\u0131n\u0131 korur.Demiri emer, kans\u0131zl\u0131\u011f\u0131 \u00f6nler. <br \/> SABIRO\u011eLU \u00fcr\u00fcnleri ISO-9001 kalite y\u00f6netim sistemi, ISO- 22000 g\u0131da g\u00fcvenli\u011fi y\u00f6netimi sistemi standartlar\u0131nda \u00fcretilmektedir. <br \/> TSE yan\u0131 s\u0131ra HELAL ve HACCP sertifikalar\u0131na da sahiptir saklama ko\u015fullar\u0131 serin ve kuru yerde saklay\u0131n\u0131z. <br \/> \u00dcr\u00fcnlerimiz buzdolab\u0131na konulmamal\u0131d\u0131r.<\/p>","protected":false},"excerpt":{"rendered":"<p>\u00d6zenle se\u00e7ilmi\u015f Manavgat susamlarindan \u00fcretti\u011fimiz tahinimizde hi\u00e7bir katk\u0131 maddesi bulunmamaktad\u0131r. Y\u00fcksek oranda tekli veya \u00e7oklu doymam\u0131\u015f ya\u011flar i\u00e7eren tahin, antinflamatuar [&hellip;]<\/p>","protected":false},"featured_media":593,"comment_status":"open","ping_status":"closed","template":"","meta":{"_angie_page":false,"site-sidebar-layout":"default","site-content-layout":"","ast-site-content-layout":"default","site-content-style":"default","site-sidebar-style":"default","ast-global-header-display":"","ast-banner-title-visibility":"","ast-main-header-display":"","ast-hfb-above-header-display":"","ast-hfb-below-header-display":"","ast-hfb-mobile-header-display":"","site-post-title":"","ast-breadcrumbs-content":"","ast-featured-img":"","footer-sml-layout":"","ast-disable-related-posts":"","theme-transparent-header-meta":"","adv-header-id-meta":"","stick-header-meta":"","header-above-stick-meta":"","header-main-stick-meta":"","header-below-stick-meta":"","astra-migrate-meta-layouts":"default","ast-page-background-enabled":"default","ast-page-background-meta":{"desktop":{"background-color":"var(--ast-global-color-5)","background-image":"","background-repeat":"repeat","background-position":"center center","background-size":"auto","background-attachment":"scroll","background-type":"","background-media":"","overlay-type":"","overlay-color":"","overlay-opacity":"","overlay-gradient":""},"tablet":{"background-color":"","background-image":"","background-repeat":"repeat","background-position":"center center","background-size":"auto","background-attachment":"scroll","background-type":"","background-media":"","overlay-type":"","overlay-color":"","overlay-opacity":"","overlay-gradient":""},"mobile":{"background-color":"","background-image":"","background-repeat":"repeat","background-position":"center center","background-size":"auto","background-attachment":"scroll","background-type":"","background-media":"","overlay-type":"","overlay-color":"","overlay-opacity":"","overlay-gradient":""}},"ast-content-background-meta":{"desktop":{"background-color":"var(--ast-global-color-4)","background-image":"","background-repeat":"repeat","background-position":"center center","background-size":"auto","background-attachment":"scroll","background-type":"","background-media":"","overlay-type":"","overlay-color":"","overlay-opacity":"","overlay-gradient":""},"tablet":{"background-color":"var(--ast-global-color-4)","background-image":"","background-repeat":"repeat","background-position":"center center","background-size":"auto","background-attachment":"scroll","background-type":"","background-media":"","overlay-type":"","overlay-color":"","overlay-opacity":"","overlay-gradient":""},"mobile":{"background-color":"var(--ast-global-color-4)","background-image":"","background-repeat":"repeat","background-position":"center center","background-size":"auto","background-attachment":"scroll","background-type":"","background-media":"","overlay-type":"","overlay-color":"","overlay-opacity":"","overlay-gradient":""}}},"product_brand":[],"product_cat":[67],"product_tag":[68],"class_list":{"0":"post-594","1":"product","2":"type-product","3":"status-publish","4":"has-post-thumbnail","6":"product_cat-tahin","7":"product_tag-sabiroglu","8":"desktop-align-left","9":"tablet-align-left","10":"mobile-align-left","12":"first","13":"instock","14":"shipping-taxable","15":"purchasable","16":"product-type-simple"},"_links":{"self":[{"href":"https:\/\/tt.abdulazizalsari.net\/en\/wp-json\/wp\/v2\/product\/594","targetHints":{"allow":["GET"]}}],"collection":[{"href":"https:\/\/tt.abdulazizalsari.net\/en\/wp-json\/wp\/v2\/product"}],"about":[{"href":"https:\/\/tt.abdulazizalsari.net\/en\/wp-json\/wp\/v2\/types\/product"}],"replies":[{"embeddable":true,"href":"https:\/\/tt.abdulazizalsari.net\/en\/wp-json\/wp\/v2\/comments?post=594"}],"wp:featuredmedia":[{"embeddable":true,"href":"https:\/\/tt.abdulazizalsari.net\/en\/wp-json\/wp\/v2\/media\/593"}],"wp:attachment":[{"href":"https:\/\/tt.abdulazizalsari.net\/en\/wp-json\/wp\/v2\/media?parent=594"}],"wp:term":[{"taxonomy":"product_brand","embeddable":true,"href":"https:\/\/tt.abdulazizalsari.net\/en\/wp-json\/wp\/v2\/product_brand?post=594"},{"taxonomy":"product_cat","embeddable":true,"href":"https:\/\/tt.abdulazizalsari.net\/en\/wp-json\/wp\/v2\/product_cat?post=594"},{"taxonomy":"product_tag","embeddable":true,"href":"https:\/\/tt.abdulazizalsari.net\/en\/wp-json\/wp\/v2\/product_tag?post=594"}],"curies":[{"name":"wp","href":"https:\/\/api.w.org\/{rel}","templated":true}]}}