{"id":602,"date":"2026-04-16T11:31:18","date_gmt":"2026-04-16T11:31:18","guid":{"rendered":"https:\/\/tt.abdulazizalsari.net\/product\/360-gr-kavanoz-incir-receli\/"},"modified":"2026-05-05T12:10:54","modified_gmt":"2026-05-05T12:10:54","slug":"360-gr-kavanoz-incir-receli","status":"publish","type":"product","link":"https:\/\/tt.abdulazizalsari.net\/en\/product\/360-gr-kavanoz-incir-receli\/","title":{"rendered":"360 gr Kavanoz \u0130ncir Re\u00e7eli"},"content":{"rendered":"<p>&#8211; Do\u011fal incir meyvesinden elde edilen lezzet, sofralar\u0131n\u0131za e\u015fsiz bir tat kat\u0131yor.<br \/> &#8211; 360 gr kavanoz boyutu ile hem g\u00fcnl\u00fck t\u00fcketim hem de misafirlerinize ikraml\u0131k olarak ideal.<br \/> &#8211; Geleneksel tariflerde ve modern mutfaklarda kullan\u0131m i\u00e7in uygun, \u00e7ok y\u00f6nl\u00fc bir se\u00e7enek.<br \/> &#8211; Y\u00fcksek kaliteli incir meyvesi ile haz\u0131rlanan bu re\u00e7el, do\u011fal tatl\u0131l\u0131k ve aromas\u0131yla dikkat \u00e7ekiyor.<br \/> &#8211; Kahvalt\u0131 sofralar\u0131n\u0131zda veya at\u0131\u015ft\u0131rmal\u0131k olarak tercih edebilece\u011finiz lezzetli bir alternatif.<\/p>","protected":false},"excerpt":{"rendered":"<p>&#8211; Do\u011fal incir meyvesinden elde edilen lezzet, sofralar\u0131n\u0131za e\u015fsiz bir tat kat\u0131yor. &#8211; 360 gr kavanoz boyutu ile hem g\u00fcnl\u00fck [&hellip;]<\/p>","protected":false},"featured_media":601,"comment_status":"open","ping_status":"closed","template":"","meta":{"_angie_page":false,"site-sidebar-layout":"default","site-content-layout":"","ast-site-content-layout":"default","site-content-style":"default","site-sidebar-style":"default","ast-global-header-display":"","ast-banner-title-visibility":"","ast-main-header-display":"","ast-hfb-above-header-display":"","ast-hfb-below-header-display":"","ast-hfb-mobile-header-display":"","site-post-title":"","ast-breadcrumbs-content":"","ast-featured-img":"","footer-sml-layout":"","ast-disable-related-posts":"","theme-transparent-header-meta":"","adv-header-id-meta":"","stick-header-meta":"","header-above-stick-meta":"","header-main-stick-meta":"","header-below-stick-meta":"","astra-migrate-meta-layouts":"default","ast-page-background-enabled":"default","ast-page-background-meta":{"desktop":{"background-color":"var(--ast-global-color-5)","background-image":"","background-repeat":"repeat","background-position":"center center","background-size":"auto","background-attachment":"scroll","background-type":"","background-media":"","overlay-type":"","overlay-color":"","overlay-opacity":"","overlay-gradient":""},"tablet":{"background-color":"","background-image":"","background-repeat":"repeat","background-position":"center center","background-size":"auto","background-attachment":"scroll","background-type":"","background-media":"","overlay-type":"","overlay-color":"","overlay-opacity":"","overlay-gradient":""},"mobile":{"background-color":"","background-image":"","background-repeat":"repeat","background-position":"center center","background-size":"auto","background-attachment":"scroll","background-type":"","background-media":"","overlay-type":"","overlay-color":"","overlay-opacity":"","overlay-gradient":""}},"ast-content-background-meta":{"desktop":{"background-color":"var(--ast-global-color-4)","background-image":"","background-repeat":"repeat","background-position":"center center","background-size":"auto","background-attachment":"scroll","background-type":"","background-media":"","overlay-type":"","overlay-color":"","overlay-opacity":"","overlay-gradient":""},"tablet":{"background-color":"var(--ast-global-color-4)","background-image":"","background-repeat":"repeat","background-position":"center center","background-size":"auto","background-attachment":"scroll","background-type":"","background-media":"","overlay-type":"","overlay-color":"","overlay-opacity":"","overlay-gradient":""},"mobile":{"background-color":"var(--ast-global-color-4)","background-image":"","background-repeat":"repeat","background-position":"center center","background-size":"auto","background-attachment":"scroll","background-type":"","background-media":"","overlay-type":"","overlay-color":"","overlay-opacity":"","overlay-gradient":""}}},"product_brand":[],"product_cat":[71],"product_tag":[68],"class_list":{"0":"post-602","1":"product","2":"type-product","3":"status-publish","4":"has-post-thumbnail","6":"product_cat-recel","7":"product_tag-sabiroglu","8":"desktop-align-left","9":"tablet-align-left","10":"mobile-align-left","12":"first","13":"instock","14":"shipping-taxable","15":"purchasable","16":"product-type-simple"},"_links":{"self":[{"href":"https:\/\/tt.abdulazizalsari.net\/en\/wp-json\/wp\/v2\/product\/602","targetHints":{"allow":["GET"]}}],"collection":[{"href":"https:\/\/tt.abdulazizalsari.net\/en\/wp-json\/wp\/v2\/product"}],"about":[{"href":"https:\/\/tt.abdulazizalsari.net\/en\/wp-json\/wp\/v2\/types\/product"}],"replies":[{"embeddable":true,"href":"https:\/\/tt.abdulazizalsari.net\/en\/wp-json\/wp\/v2\/comments?post=602"}],"wp:featuredmedia":[{"embeddable":true,"href":"https:\/\/tt.abdulazizalsari.net\/en\/wp-json\/wp\/v2\/media\/601"}],"wp:attachment":[{"href":"https:\/\/tt.abdulazizalsari.net\/en\/wp-json\/wp\/v2\/media?parent=602"}],"wp:term":[{"taxonomy":"product_brand","embeddable":true,"href":"https:\/\/tt.abdulazizalsari.net\/en\/wp-json\/wp\/v2\/product_brand?post=602"},{"taxonomy":"product_cat","embeddable":true,"href":"https:\/\/tt.abdulazizalsari.net\/en\/wp-json\/wp\/v2\/product_cat?post=602"},{"taxonomy":"product_tag","embeddable":true,"href":"https:\/\/tt.abdulazizalsari.net\/en\/wp-json\/wp\/v2\/product_tag?post=602"}],"curies":[{"name":"wp","href":"https:\/\/api.w.org\/{rel}","templated":true}]}}