{"id":624,"date":"2026-04-16T11:31:30","date_gmt":"2026-04-16T11:31:30","guid":{"rendered":"https:\/\/tt.abdulazizalsari.net\/product\/800-gr-recel-pls-kova-cilek-ve-ayva\/"},"modified":"2026-05-05T12:09:14","modified_gmt":"2026-05-05T12:09:14","slug":"800-gr-recel-pls-kova-cilek-ve-ayva","status":"publish","type":"product","link":"https:\/\/tt.abdulazizalsari.net\/en\/product\/800-gr-recel-pls-kova-cilek-ve-ayva\/","title":{"rendered":"800 gr Re\u00e7el Pls Kova \u00c7ilek Ve Ayva"},"content":{"rendered":"<p>Kahvalt\u0131lar\u0131n vazge\u00e7ilmezi haline gelen SABIRO\u011eLU re\u00e7elleri ger\u00e7ek meyvelerden alm\u0131\u015f olduklar\u0131 sa\u011fl\u0131k ve lezzetleri evinize ta\u015f\u0131yor. <br \/> Aileniz, \u00e7ocuklar\u0131n\u0131z ile g\u00fcvenli ve sa\u011fl\u0131kl\u0131 bir \u015fekilde t\u00fcketip sofralar\u0131n\u0131za tat verebiliyor olman\u0131n mutlulu\u011funu ya\u015f\u0131yoruz. <br \/> Re\u00e7eller \u015fekerli olduklar\u0131 i\u00e7in kana \u00e7abuk kar\u0131\u015f\u0131r ve enerji verir. <br \/> Bir\u00e7ok kalp a\u011fr\u0131s\u0131n\u0131 giderir. <br \/> I\u00e7 hastal\u0131klar dolay\u0131s\u0131 ile olu\u015fan terlemeleri \u00f6nlemektedir. <br \/> Do\u011fal SABIRO\u011eLU re\u00e7ellerini t\u00fcketerek sa\u011fl\u0131kl\u0131 kalmaya devam edin. <br \/> Y\u0131llard\u0131r devam eden %100 do\u011fal ve katk\u0131s\u0131z \u00fcretim \u00e7izgimiz ile sofralar\u0131n\u0131zda yer alman\u0131n gururunu ya\u015famaktay\u0131z. <br \/> \u00d6zenle paketledi\u011fimiz \u00fcr\u00fcnlerimiz herhangi bir zarar g\u00f6rmeden sofralar\u0131n\u0131za kadar ula\u015fmaktad\u0131r. <br \/> SABIRO\u011eLU \u00fcr\u00fcnleri \u0131so-9001 kalite y\u00f6netim sistemi, \u0131so- 22000 g\u0131da g\u00fcvenli\u011fi y\u00f6netimi sistemi standartlar\u0131nda \u00fcretilmektedir. <br \/> Tse yan\u0131 s\u0131ra helal ve haccp sertifikalar\u0131na da sahiptir. <br \/> Saklama ko\u015fullar\u0131 Serin ve kuru yerde saklay\u0131n\u0131z. <br \/> \u00dcr\u00fcnlerimiz buzdolab\u0131na konulmamal\u0131d\u0131r. <br \/> \u00dcr\u00fcn\u00fcm\u00fcz 800 gr*2 adettir.<\/p>","protected":false},"excerpt":{"rendered":"<p>Kahvalt\u0131lar\u0131n vazge\u00e7ilmezi haline gelen SABIRO\u011eLU re\u00e7elleri ger\u00e7ek meyvelerden alm\u0131\u015f olduklar\u0131 sa\u011fl\u0131k ve lezzetleri evinize ta\u015f\u0131yor. Aileniz, \u00e7ocuklar\u0131n\u0131z ile g\u00fcvenli ve [&hellip;]<\/p>","protected":false},"featured_media":623,"comment_status":"open","ping_status":"closed","template":"","meta":{"_angie_page":false,"site-sidebar-layout":"default","site-content-layout":"","ast-site-content-layout":"default","site-content-style":"default","site-sidebar-style":"default","ast-global-header-display":"","ast-banner-title-visibility":"","ast-main-header-display":"","ast-hfb-above-header-display":"","ast-hfb-below-header-display":"","ast-hfb-mobile-header-display":"","site-post-title":"","ast-breadcrumbs-content":"","ast-featured-img":"","footer-sml-layout":"","ast-disable-related-posts":"","theme-transparent-header-meta":"","adv-header-id-meta":"","stick-header-meta":"","header-above-stick-meta":"","header-main-stick-meta":"","header-below-stick-meta":"","astra-migrate-meta-layouts":"default","ast-page-background-enabled":"default","ast-page-background-meta":{"desktop":{"background-color":"var(--ast-global-color-5)","background-image":"","background-repeat":"repeat","background-position":"center center","background-size":"auto","background-attachment":"scroll","background-type":"","background-media":"","overlay-type":"","overlay-color":"","overlay-opacity":"","overlay-gradient":""},"tablet":{"background-color":"","background-image":"","background-repeat":"repeat","background-position":"center center","background-size":"auto","background-attachment":"scroll","background-type":"","background-media":"","overlay-type":"","overlay-color":"","overlay-opacity":"","overlay-gradient":""},"mobile":{"background-color":"","background-image":"","background-repeat":"repeat","background-position":"center center","background-size":"auto","background-attachment":"scroll","background-type":"","background-media":"","overlay-type":"","overlay-color":"","overlay-opacity":"","overlay-gradient":""}},"ast-content-background-meta":{"desktop":{"background-color":"var(--ast-global-color-4)","background-image":"","background-repeat":"repeat","background-position":"center center","background-size":"auto","background-attachment":"scroll","background-type":"","background-media":"","overlay-type":"","overlay-color":"","overlay-opacity":"","overlay-gradient":""},"tablet":{"background-color":"var(--ast-global-color-4)","background-image":"","background-repeat":"repeat","background-position":"center center","background-size":"auto","background-attachment":"scroll","background-type":"","background-media":"","overlay-type":"","overlay-color":"","overlay-opacity":"","overlay-gradient":""},"mobile":{"background-color":"var(--ast-global-color-4)","background-image":"","background-repeat":"repeat","background-position":"center center","background-size":"auto","background-attachment":"scroll","background-type":"","background-media":"","overlay-type":"","overlay-color":"","overlay-opacity":"","overlay-gradient":""}}},"product_brand":[],"product_cat":[71],"product_tag":[68],"class_list":{"0":"post-624","1":"product","2":"type-product","3":"status-publish","4":"has-post-thumbnail","6":"product_cat-recel","7":"product_tag-sabiroglu","8":"desktop-align-left","9":"tablet-align-left","10":"mobile-align-left","12":"first","13":"outofstock","14":"shipping-taxable","15":"purchasable","16":"product-type-simple"},"_links":{"self":[{"href":"https:\/\/tt.abdulazizalsari.net\/en\/wp-json\/wp\/v2\/product\/624","targetHints":{"allow":["GET"]}}],"collection":[{"href":"https:\/\/tt.abdulazizalsari.net\/en\/wp-json\/wp\/v2\/product"}],"about":[{"href":"https:\/\/tt.abdulazizalsari.net\/en\/wp-json\/wp\/v2\/types\/product"}],"replies":[{"embeddable":true,"href":"https:\/\/tt.abdulazizalsari.net\/en\/wp-json\/wp\/v2\/comments?post=624"}],"wp:featuredmedia":[{"embeddable":true,"href":"https:\/\/tt.abdulazizalsari.net\/en\/wp-json\/wp\/v2\/media\/623"}],"wp:attachment":[{"href":"https:\/\/tt.abdulazizalsari.net\/en\/wp-json\/wp\/v2\/media?parent=624"}],"wp:term":[{"taxonomy":"product_brand","embeddable":true,"href":"https:\/\/tt.abdulazizalsari.net\/en\/wp-json\/wp\/v2\/product_brand?post=624"},{"taxonomy":"product_cat","embeddable":true,"href":"https:\/\/tt.abdulazizalsari.net\/en\/wp-json\/wp\/v2\/product_cat?post=624"},{"taxonomy":"product_tag","embeddable":true,"href":"https:\/\/tt.abdulazizalsari.net\/en\/wp-json\/wp\/v2\/product_tag?post=624"}],"curies":[{"name":"wp","href":"https:\/\/api.w.org\/{rel}","templated":true}]}}