{"id":694,"date":"2026-04-16T11:32:20","date_gmt":"2026-04-16T11:32:20","guid":{"rendered":"https:\/\/tt.abdulazizalsari.net\/product\/800-gr-pekmez-harnup-pekmezi-kavan\/"},"modified":"2026-05-05T11:55:09","modified_gmt":"2026-05-05T11:55:09","slug":"800-gr-pekmez-harnup-pekmezi-kavan","status":"publish","type":"product","link":"https:\/\/tt.abdulazizalsari.net\/en\/product\/800-gr-pekmez-harnup-pekmezi-kavan\/","title":{"rendered":"800 g Carob Molasses \u2013 Glass Jar"},"content":{"rendered":"<p>Harnup Pekmezi nin, kan\u0131 temizleme ve damar t\u0131kan\u0131kl\u0131klar\u0131n\u0131 giderme \u00f6zelli\u011fi vard\u0131r<br \/>\nK\u0131\u015f aylar\u0131nda artan ataklar\u0131 ve hastal\u0131klar\u0131na iyi gelen ke\u00e7iboynuzu \u015fiddetli \u00f6ks\u00fcr\u00fcklere kar\u015f\u0131 dahi \u00e7ok etkilidir<br \/>\nBalgam s\u00f6kt\u00fcr\u00fcc\u00fcd\u00fcr, bu sayede \u00f6ks\u00fcr\u00fc\u011f\u00fc azalt\u0131r<br \/>\nBa\u011f\u0131rsak ve sindirim sistemine de olumlu etkiler sa\u011flar, kab\u0131zl\u0131\u011f\u0131 \u00f6nler<br \/>\n\u00dcr\u00fcn\u00fcm\u00fcz 800 g a\u011f\u0131rl\u0131\u011f\u0131ndad\u0131r<br \/>\nY\u0131llard\u0131r devam eden %100 do\u011fal ve katk\u0131s\u0131z \u00fcretim \u00e7izgimiz ile soflar\u0131n\u0131zda yer alman\u0131n gururunu ya\u015famaktay\u0131z<br \/>\n\u00d6zenle paketledi\u011fimiz \u00fcr\u00fcnlerimiz herhangi bir zarar g\u00f6rmeden sofralar\u0131n\u0131za kadar ula\u015fmaktad\u0131r<br \/>\nAst\u0131m, bron\u015fite iyi gelir<br \/>\nBo\u011fazda olu\u015fan g\u0131c\u0131k \u00f6ks\u00fcr\u00fc\u011f\u00fcn\u00fc \u00e7abuk keser<br \/>\nSindirim sistemini d\u00fczenleyen besin b\u00f6bre\u011fin g\u00f6revlerini d\u00fczenlemesine yard\u0131mc\u0131 olur<br \/>\nHer alanda oldu\u011fu gibi b\u00f6breklere de y\u00fcksek oranda fayda sa\u011flar<br \/>\nSABIRO\u011eLU \u00fcr\u00fcnleri ISO<br \/>\n9001 Kalite Y\u00f6netim Sistemi,ISO<br \/>\n22000 G\u0131da G\u00fcvenli\u011fi Y\u00f6netimi Sistemi standartlar\u0131nda \u00fcretilmektedir<br \/>\nTSE yan\u0131 s\u0131ra HELAL ve HACCP sertifikalar\u0131na da sahiptir SAKLAMA KO\u015eULLARI Serin ve kuru yerde saklay\u0131n\u0131z<br \/>\n\u00dcr\u00fcnlerimiz buzdolab\u0131na konulmamal\u0131d\u0131r<\/p>","protected":false},"excerpt":{"rendered":"<p>Harnup Pekmezi nin, kan\u0131 temizleme ve damar t\u0131kan\u0131kl\u0131klar\u0131n\u0131 giderme \u00f6zelli\u011fi vard\u0131r K\u0131\u015f aylar\u0131nda artan ataklar\u0131 ve hastal\u0131klar\u0131na iyi gelen ke\u00e7iboynuzu [&hellip;]<\/p>","protected":false},"featured_media":693,"comment_status":"open","ping_status":"closed","template":"","meta":{"_angie_page":false,"site-sidebar-layout":"default","site-content-layout":"","ast-site-content-layout":"default","site-content-style":"default","site-sidebar-style":"default","ast-global-header-display":"","ast-banner-title-visibility":"","ast-main-header-display":"","ast-hfb-above-header-display":"","ast-hfb-below-header-display":"","ast-hfb-mobile-header-display":"","site-post-title":"","ast-breadcrumbs-content":"","ast-featured-img":"","footer-sml-layout":"","ast-disable-related-posts":"","theme-transparent-header-meta":"default","adv-header-id-meta":"","stick-header-meta":"","header-above-stick-meta":"","header-main-stick-meta":"","header-below-stick-meta":"","astra-migrate-meta-layouts":"set","ast-page-background-enabled":"default","ast-page-background-meta":{"desktop":{"background-color":"var(--ast-global-color-5)","background-image":"","background-repeat":"repeat","background-position":"center center","background-size":"auto","background-attachment":"scroll","background-type":"","background-media":"","overlay-type":"","overlay-color":"","overlay-opacity":"","overlay-gradient":""},"tablet":{"background-color":"","background-image":"","background-repeat":"repeat","background-position":"center center","background-size":"auto","background-attachment":"scroll","background-type":"","background-media":"","overlay-type":"","overlay-color":"","overlay-opacity":"","overlay-gradient":""},"mobile":{"background-color":"","background-image":"","background-repeat":"repeat","background-position":"center center","background-size":"auto","background-attachment":"scroll","background-type":"","background-media":"","overlay-type":"","overlay-color":"","overlay-opacity":"","overlay-gradient":""}},"ast-content-background-meta":{"desktop":{"background-color":"var(--ast-global-color-4)","background-image":"","background-repeat":"repeat","background-position":"center center","background-size":"auto","background-attachment":"scroll","background-type":"","background-media":"","overlay-type":"","overlay-color":"","overlay-opacity":"","overlay-gradient":""},"tablet":{"background-color":"var(--ast-global-color-4)","background-image":"","background-repeat":"repeat","background-position":"center center","background-size":"auto","background-attachment":"scroll","background-type":"","background-media":"","overlay-type":"","overlay-color":"","overlay-opacity":"","overlay-gradient":""},"mobile":{"background-color":"var(--ast-global-color-4)","background-image":"","background-repeat":"repeat","background-position":"center center","background-size":"auto","background-attachment":"scroll","background-type":"","background-media":"","overlay-type":"","overlay-color":"","overlay-opacity":"","overlay-gradient":""}}},"product_brand":[],"product_cat":[70],"product_tag":[68],"class_list":{"0":"post-694","1":"product","2":"type-product","3":"status-publish","4":"has-post-thumbnail","6":"product_cat-pekmez","7":"product_tag-sabiroglu","8":"desktop-align-left","9":"tablet-align-left","10":"mobile-align-left","12":"first","13":"instock","14":"shipping-taxable","15":"purchasable","16":"product-type-simple"},"_links":{"self":[{"href":"https:\/\/tt.abdulazizalsari.net\/en\/wp-json\/wp\/v2\/product\/694","targetHints":{"allow":["GET"]}}],"collection":[{"href":"https:\/\/tt.abdulazizalsari.net\/en\/wp-json\/wp\/v2\/product"}],"about":[{"href":"https:\/\/tt.abdulazizalsari.net\/en\/wp-json\/wp\/v2\/types\/product"}],"replies":[{"embeddable":true,"href":"https:\/\/tt.abdulazizalsari.net\/en\/wp-json\/wp\/v2\/comments?post=694"}],"wp:featuredmedia":[{"embeddable":true,"href":"https:\/\/tt.abdulazizalsari.net\/en\/wp-json\/wp\/v2\/media\/693"}],"wp:attachment":[{"href":"https:\/\/tt.abdulazizalsari.net\/en\/wp-json\/wp\/v2\/media?parent=694"}],"wp:term":[{"taxonomy":"product_brand","embeddable":true,"href":"https:\/\/tt.abdulazizalsari.net\/en\/wp-json\/wp\/v2\/product_brand?post=694"},{"taxonomy":"product_cat","embeddable":true,"href":"https:\/\/tt.abdulazizalsari.net\/en\/wp-json\/wp\/v2\/product_cat?post=694"},{"taxonomy":"product_tag","embeddable":true,"href":"https:\/\/tt.abdulazizalsari.net\/en\/wp-json\/wp\/v2\/product_tag?post=694"}],"curies":[{"name":"wp","href":"https:\/\/api.w.org\/{rel}","templated":true}]}}