{"id":703,"date":"2026-04-16T11:32:27","date_gmt":"2026-04-16T11:32:27","guid":{"rendered":"https:\/\/tt.abdulazizalsari.net\/product\/1900-gr-pekmez-uzum-pekmezi-pls-bid\/"},"modified":"2026-05-05T11:56:41","modified_gmt":"2026-05-05T11:56:41","slug":"1900-gr-pekmez-uzum-pekmezi-pls-bid","status":"publish","type":"product","link":"https:\/\/tt.abdulazizalsari.net\/en\/product\/1900-gr-pekmez-uzum-pekmezi-pls-bid\/","title":{"rendered":"Grape Molasses 1900 g"},"content":{"rendered":"<p>\u00dcr\u00fcn\u00fcm\u00fcz 1900 g a\u011f\u0131rl\u0131\u011f\u0131ndad\u0131r<br \/> Y\u0131llard\u0131r devam eden %100 do\u011fal ve katk\u0131s\u0131z \u00fcretim \u00e7izgimiz ile soflar\u0131n\u0131zda yer alman\u0131n gururunu ya\u015famaktay\u0131z<br \/> \u00d6zenle paketledi\u011fimiz \u00fcr\u00fcnlerimiz herhangi bir zarar g\u00f6rmeden sofralar\u0131n\u0131za kadar ula\u015fmaktad\u0131r<br \/> Sindirim sistemini d\u00fczenleyen besin b\u00f6bre\u011fin g\u00f6revlerini d\u00fczenlemesine yard\u0131mc\u0131 olur<br \/> Her alanda oldu\u011fu gibi b\u00f6breklere de y\u00fcksek oranda fayda sa\u011flar<br \/> Sab\u0131ro\u011flu \u00fcr\u00fcnleri \u0131so<br \/> 9001 kalite y\u00f6netim sistemi, \u0131so<br \/> 22000 g\u0131da g\u00fcvenli\u011fi y\u00f6netimi sistemi standartlar\u0131nda \u00fcretilmektedir<br \/> Tse yan\u0131 s\u0131ra helal ve haccp sertifikalar\u0131na da sahiptir Saklama ko\u015fullar\u0131 Sern ve kuru yerde saklay\u0131n\u0131z<br \/> \u00dcr\u00fcnlerimiz buzdolab\u0131na konulmamal\u0131d\u0131r<\/p>","protected":false},"excerpt":{"rendered":"<p>\u00dcr\u00fcn\u00fcm\u00fcz 1900 g a\u011f\u0131rl\u0131\u011f\u0131ndad\u0131r Y\u0131llard\u0131r devam eden %100 do\u011fal ve katk\u0131s\u0131z \u00fcretim \u00e7izgimiz ile soflar\u0131n\u0131zda yer alman\u0131n gururunu ya\u015famaktay\u0131z \u00d6zenle [&hellip;]<\/p>","protected":false},"featured_media":702,"comment_status":"open","ping_status":"closed","template":"","meta":{"_angie_page":false,"site-sidebar-layout":"default","site-content-layout":"","ast-site-content-layout":"default","site-content-style":"default","site-sidebar-style":"default","ast-global-header-display":"","ast-banner-title-visibility":"","ast-main-header-display":"","ast-hfb-above-header-display":"","ast-hfb-below-header-display":"","ast-hfb-mobile-header-display":"","site-post-title":"","ast-breadcrumbs-content":"","ast-featured-img":"","footer-sml-layout":"","ast-disable-related-posts":"","theme-transparent-header-meta":"","adv-header-id-meta":"","stick-header-meta":"","header-above-stick-meta":"","header-main-stick-meta":"","header-below-stick-meta":"","astra-migrate-meta-layouts":"default","ast-page-background-enabled":"default","ast-page-background-meta":{"desktop":{"background-color":"var(--ast-global-color-5)","background-image":"","background-repeat":"repeat","background-position":"center center","background-size":"auto","background-attachment":"scroll","background-type":"","background-media":"","overlay-type":"","overlay-color":"","overlay-opacity":"","overlay-gradient":""},"tablet":{"background-color":"","background-image":"","background-repeat":"repeat","background-position":"center center","background-size":"auto","background-attachment":"scroll","background-type":"","background-media":"","overlay-type":"","overlay-color":"","overlay-opacity":"","overlay-gradient":""},"mobile":{"background-color":"","background-image":"","background-repeat":"repeat","background-position":"center center","background-size":"auto","background-attachment":"scroll","background-type":"","background-media":"","overlay-type":"","overlay-color":"","overlay-opacity":"","overlay-gradient":""}},"ast-content-background-meta":{"desktop":{"background-color":"var(--ast-global-color-4)","background-image":"","background-repeat":"repeat","background-position":"center center","background-size":"auto","background-attachment":"scroll","background-type":"","background-media":"","overlay-type":"","overlay-color":"","overlay-opacity":"","overlay-gradient":""},"tablet":{"background-color":"var(--ast-global-color-4)","background-image":"","background-repeat":"repeat","background-position":"center center","background-size":"auto","background-attachment":"scroll","background-type":"","background-media":"","overlay-type":"","overlay-color":"","overlay-opacity":"","overlay-gradient":""},"mobile":{"background-color":"var(--ast-global-color-4)","background-image":"","background-repeat":"repeat","background-position":"center center","background-size":"auto","background-attachment":"scroll","background-type":"","background-media":"","overlay-type":"","overlay-color":"","overlay-opacity":"","overlay-gradient":""}}},"product_brand":[],"product_cat":[70],"product_tag":[68],"class_list":{"0":"post-703","1":"product","2":"type-product","3":"status-publish","4":"has-post-thumbnail","6":"product_cat-pekmez","7":"product_tag-sabiroglu","8":"desktop-align-left","9":"tablet-align-left","10":"mobile-align-left","12":"first","13":"instock","14":"shipping-taxable","15":"purchasable","16":"product-type-simple"},"_links":{"self":[{"href":"https:\/\/tt.abdulazizalsari.net\/en\/wp-json\/wp\/v2\/product\/703","targetHints":{"allow":["GET"]}}],"collection":[{"href":"https:\/\/tt.abdulazizalsari.net\/en\/wp-json\/wp\/v2\/product"}],"about":[{"href":"https:\/\/tt.abdulazizalsari.net\/en\/wp-json\/wp\/v2\/types\/product"}],"replies":[{"embeddable":true,"href":"https:\/\/tt.abdulazizalsari.net\/en\/wp-json\/wp\/v2\/comments?post=703"}],"wp:featuredmedia":[{"embeddable":true,"href":"https:\/\/tt.abdulazizalsari.net\/en\/wp-json\/wp\/v2\/media\/702"}],"wp:attachment":[{"href":"https:\/\/tt.abdulazizalsari.net\/en\/wp-json\/wp\/v2\/media?parent=703"}],"wp:term":[{"taxonomy":"product_brand","embeddable":true,"href":"https:\/\/tt.abdulazizalsari.net\/en\/wp-json\/wp\/v2\/product_brand?post=703"},{"taxonomy":"product_cat","embeddable":true,"href":"https:\/\/tt.abdulazizalsari.net\/en\/wp-json\/wp\/v2\/product_cat?post=703"},{"taxonomy":"product_tag","embeddable":true,"href":"https:\/\/tt.abdulazizalsari.net\/en\/wp-json\/wp\/v2\/product_tag?post=703"}],"curies":[{"name":"wp","href":"https:\/\/api.w.org\/{rel}","templated":true}]}}